{"id":1232,"date":"2022-04-30T17:49:28","date_gmt":"2022-04-30T15:49:28","guid":{"rendered":"https:\/\/ateneoescurialense.org\/senderismo\/?page_id=1232"},"modified":"2022-04-30T17:49:31","modified_gmt":"2022-04-30T15:49:31","slug":"robledondo-al-cerro-de-la-cabeza","status":"publish","type":"page","link":"https:\/\/ateneoescurialense.org\/senderismo\/robledondo-al-cerro-de-la-cabeza\/","title":{"rendered":"Robledondo al Cerro de la Cabeza"},"content":{"rendered":"<p>[et_pb_section fb_built=\u00bb1&#8243; _builder_version=\u00bb4.16&#8243; background_color=\u00bb#e2e8ce\u00bb use_background_color_gradient=\u00bbon\u00bb background_color_gradient_stops=\u00bb#688987 0%|#35ffff 100%\u00bb background_color_gradient_start=\u00bb#688987&#8243; background_color_gradient_end=\u00bb#35ffff\u00bb global_colors_info=\u00bb{}\u00bb theme_builder_area=\u00bbpost_content\u00bb][et_pb_row _builder_version=\u00bb4.16&#8243; global_colors_info=\u00bb{}\u00bb theme_builder_area=\u00bbpost_content\u00bb][et_pb_column type=\u00bb4_4&#8243; _builder_version=\u00bb4.16&#8243; global_colors_info=\u00bb{}\u00bb theme_builder_area=\u00bbpost_content\u00bb][et_pb_text admin_label=\u00bbT\u00edtulo de la ruta\u00bb _builder_version=\u00bb4.17.3&#8243; hover_enabled=\u00bb0&#8243; border_color_all=\u00bbrgba(0,0,0,0)\u00bb global_colors_info=\u00bb{}\u00bb theme_builder_area=\u00bbpost_content\u00bb sticky_enabled=\u00bb0&#8243;]<\/p>\n<h1><span style=\"color: #800000;\">Robledondo al Cerro de la Cabeza<\/span><\/h1>\n<p>[\/et_pb_text][et_pb_blurb use_icon=\u00bbon\u00bb font_icon=\u00bb&#x3b;||divi||400&#8243; icon_color=\u00bb#B7321A\u00bb icon_placement=\u00bbleft\u00bb image_icon_width=\u00bb25px\u00bb admin_label=\u00bbFecha\/hora\u00bb _builder_version=\u00bb4.17.3&#8243; _module_preset=\u00bbdefault\u00bb body_font_size=\u00bb16px\u00bb hover_enabled=\u00bb0&#8243; icon_font_size=\u00bb25px\u00bb global_colors_info=\u00bb{}\u00bb theme_builder_area=\u00bbpost_content\u00bb sticky_enabled=\u00bb0&#8243;]<\/p>\n<p>Domingo 8 de mayo 2022 a las 09:30h<\/p>\n<p>[\/et_pb_blurb][et_pb_blurb use_icon=\u00bbon\u00bb font_icon=\u00bb&#xe081;||divi||400&#8243; icon_color=\u00bb#B7321A\u00bb icon_placement=\u00bbleft\u00bb image_icon_width=\u00bb25px\u00bb admin_label=\u00bbLugar de salida\u00bb _builder_version=\u00bb4.17.3&#8243; _module_preset=\u00bbdefault\u00bb body_font_size=\u00bb16px\u00bb hover_enabled=\u00bb0&#8243; icon_font_size=\u00bb25px\u00bb global_colors_info=\u00bb{}\u00bb theme_builder_area=\u00bbpost_content\u00bb sticky_enabled=\u00bb0&#8243;]<\/p>\n<p>Estanque del Monasterio de San Lorenzo El Escorial<\/p>\n<p>[\/et_pb_blurb][et_pb_blurb use_icon=\u00bbon\u00bb font_icon=\u00bb&#xe08a;||divi||400&#8243; icon_color=\u00bb#B7321A\u00bb icon_placement=\u00bbleft\u00bb image_icon_width=\u00bb25px\u00bb admin_label=\u00bbCoordinador\u00bb _builder_version=\u00bb4.16&#8243; _module_preset=\u00bbdefault\u00bb icon_font_size=\u00bb25px\u00bb global_colors_info=\u00bb{}\u00bb theme_builder_area=\u00bbpost_content\u00bb]<\/p>\n<h2><span style=\"color: #993300;\">Coordinado por:\u00a0 Miguel \u00c1ngel Santiago<\/span><\/h2>\n<p>[\/et_pb_blurb][\/et_pb_column][\/et_pb_row][et_pb_row _builder_version=\u00bb4.16&#8243; background_color=\u00bbrgba(0,0,0,0)\u00bb background_size=\u00bbinitial\u00bb background_position=\u00bbtop_left\u00bb background_repeat=\u00bbrepeat\u00bb global_colors_info=\u00bb{}\u00bb theme_builder_area=\u00bbpost_content\u00bb][et_pb_column type=\u00bb4_4&#8243; _builder_version=\u00bb4.16&#8243; custom_padding=\u00bb|||\u00bb global_colors_info=\u00bb{}\u00bb custom_padding__hover=\u00bb|||\u00bb theme_builder_area=\u00bbpost_content\u00bb][et_pb_text admin_label=\u00bbDescripci\u00f3n de la ruta\u00bb _builder_version=\u00bb4.17.3&#8243; text_font_size=\u00bb16px\u00bb background_size=\u00bbinitial\u00bb background_position=\u00bbtop_left\u00bb background_repeat=\u00bbrepeat\u00bb hover_enabled=\u00bb0&#8243; global_colors_info=\u00bb{}\u00bb theme_builder_area=\u00bbpost_content\u00bb sticky_enabled=\u00bb0&#8243;]<\/p>\n<p>Denominaci\u00f3n: <strong>Robledondo al Cerro de la Cabeza<em>. <\/em><\/strong><\/p>\n<p><strong>Indicaciones<\/strong>: Nos reuniremos en el estanque del monasterio de San Lorenzo de El Escorial, desde d\u00f3nde nos dirigiremos en coche particular hacia Robledondo, en donde dejaremos los coches en la plaza de la iglesia e iniciaremos el recorrido.<\/p>\n<p>La ruta, bastante asequible, trascurre en su mayor\u00eda por pistas forestales y sendas de pie. La zona est\u00e1 desprovista de arboleda, por lo que, si el d\u00eda es muy soleado, habr\u00e1 que llevar cremas protectoras para la piel.<\/p>\n<p>El recorrido es de 10 km y presenta un desnivel positivo de unos 300 metros, m\u00e1ximo que se alcanza a los 6 km, coincidiendo con la llegada al Cerro de la Cabeza.<\/p>\n<p>El trayecto propuesto destaca por la espectacularidad del paisaje y las vistas.<\/p>\n<p><strong>Log\u00edstica:<\/strong><\/p>\n<ul>\n<li>Reuni\u00f3n: Estanque del monasterio de San Lorenzo El Escorial.<\/li>\n<li>Hora de Reuni\u00f3n: 09:30 AM.<\/li>\n<li>Distancia: Sobre 10,0 km en total.<\/li>\n<li>Desnivel: Entorno a unos 300 mts.<\/li>\n<li>Tipo de terreno: Mixto, Pista y sendas con pendientes muy suaves.<\/li>\n<li>Duraci\u00f3n estimada: Dependiendo del ritmo, de entre 2:30 a 3:30 horas.<\/li>\n<li>Dificultad: F\u00e1cil. Pendientes suaves. Si el d\u00eda es muy soleado, habr\u00e1 que extremar las precauciones por radiaci\u00f3n solar y se har\u00e1 necesario llevar agua en abundancia.<\/li>\n<li>Meteorolog\u00eda: Claros y nubes con temperaturas en torno a 12\u00ba<sup>\u00a0<\/sup>con riesgo de alguna llovizna.<\/li>\n<li>Ropa: C\u00f3moda, que abrigue y en capas. <strong>Es recomendable llevar un chubasquero<\/strong>.<\/li>\n<li>Calzado: C\u00f3modo de senderismo.<\/li>\n<li>Bastones: No son imprescindibles, aunque son muy \u00fatiles como ayuda para caminar.<\/li>\n<li>Recomendaciones: Llevar agua abundante, en especial si el d\u00eda es soleado. Haremos un alto para un tentempi\u00e9.<\/li>\n<\/ul>\n<p>[\/et_pb_text][et_pb_text admin_label=\u00bbDisclaimer\u00bb _builder_version=\u00bb4.16&#8243; text_font_size=\u00bb16px\u00bb background_size=\u00bbinitial\u00bb background_position=\u00bbtop_left\u00bb background_repeat=\u00bbrepeat\u00bb border_radii=\u00bbon|11px|11px|11px|11px\u00bb border_width_all=\u00bb2px\u00bb global_colors_info=\u00bb{}\u00bb theme_builder_area=\u00bbpost_content\u00bb]<\/p>\n<p style=\"text-align: center\">Aquellos que no sean socios del Ateneo, deber\u00e1n enviar un correo con sus datos a la direcci\u00f3n <span style=\"color: #800000\"><strong>senderismo@ateneoescurialense.org<\/strong><\/span> antes del pr\u00f3ximo viernes.<\/p>\n<p style=\"text-align: center\">Incluimos el v\u00ednculo a las recomendaciones de la <strong><span style=\"color: #800000\"><a style=\"color: #800000\" href=\"https:\/\/seguridadfedme.es\/capsulas-formativa\/\">FEDME sobre seguridad en la monta\u00f1a<\/a><\/span>.<\/strong><\/p>\n<p>[\/et_pb_text][\/et_pb_column][\/et_pb_row][et_pb_row column_structure=\u00bb2_3,1_3&#8243; _builder_version=\u00bb4.16&#8243; background_color=\u00bbrgba(0,0,0,0)\u00bb background_size=\u00bbinitial\u00bb background_position=\u00bbtop_left\u00bb background_repeat=\u00bbrepeat\u00bb global_colors_info=\u00bb{}\u00bb theme_builder_area=\u00bbpost_content\u00bb][et_pb_column type=\u00bb2_3&#8243; _builder_version=\u00bb4.16&#8243; custom_padding=\u00bb|||\u00bb global_colors_info=\u00bb{}\u00bb custom_padding__hover=\u00bb|||\u00bb theme_builder_area=\u00bbpost_content\u00bb][et_pb_image src=\u00bbhttps:\/\/drive.google.com\/thumbnail?sz=w1000&#038;id=1i2meBjOTCUy5SJ9X3ZMEu7rafPKXLzCI\u00bb title_text=\u00bbInnovacion2&#8243; align=\u00bbcenter\u00bb admin_label=\u00bbMapa\u00bb _builder_version=\u00bb4.17.3&#8243; hover_enabled=\u00bb0&#8243; global_colors_info=\u00bb{}\u00bb theme_builder_area=\u00bbpost_content\u00bb sticky_enabled=\u00bb0&#8243;][\/et_pb_image][\/et_pb_column][et_pb_column type=\u00bb1_3&#8243; _builder_version=\u00bb4.16&#8243; custom_padding=\u00bb|||\u00bb global_colors_info=\u00bb{}\u00bb custom_padding__hover=\u00bb|||\u00bb theme_builder_area=\u00bbpost_content\u00bb][et_pb_image src=\u00bbhttps:\/\/drive.google.com\/thumbnail?sz=w1000&#038;id=1FI4vMkgXwa0Xrn37tWQTo12dYA1UXt4F\u00bb title_text=\u00bbInnovacion2&#8243; align=\u00bbcenter\u00bb disabled_on=\u00bboff|off|off\u00bb admin_label=\u00bbPrevisi\u00f3n del tiempo\u00bb _builder_version=\u00bb4.17.3&#8243; hover_enabled=\u00bb0&#8243; global_colors_info=\u00bb{}\u00bb theme_builder_area=\u00bbpost_content\u00bb sticky_enabled=\u00bb0&#8243;][\/et_pb_image][\/et_pb_column][\/et_pb_row][\/et_pb_section]<\/p>\n","protected":false},"excerpt":{"rendered":"<p>Robledondo al Cerro de la CabezaDomingo 8 de mayo 2022 a las 09:30hEstanque del Monasterio de San Lorenzo El EscorialCoordinado por:\u00a0 Miguel \u00c1ngel SantiagoDenominaci\u00f3n: Robledondo al Cerro de la Cabeza. Indicaciones: Nos reuniremos en el estanque del monasterio de San Lorenzo de El Escorial, desde d\u00f3nde nos dirigiremos en coche particular hacia Robledondo, en donde [&hellip;]<\/p>\n","protected":false},"author":3,"featured_media":0,"parent":0,"menu_order":0,"comment_status":"closed","ping_status":"closed","template":"","meta":{"_et_pb_use_builder":"on","_et_pb_old_content":"","_et_gb_content_width":"","footnotes":""},"class_list":["post-1232","page","type-page","status-publish","hentry"],"_links":{"self":[{"href":"https:\/\/ateneoescurialense.org\/senderismo\/wp-json\/wp\/v2\/pages\/1232","targetHints":{"allow":["GET"]}}],"collection":[{"href":"https:\/\/ateneoescurialense.org\/senderismo\/wp-json\/wp\/v2\/pages"}],"about":[{"href":"https:\/\/ateneoescurialense.org\/senderismo\/wp-json\/wp\/v2\/types\/page"}],"author":[{"embeddable":true,"href":"https:\/\/ateneoescurialense.org\/senderismo\/wp-json\/wp\/v2\/users\/3"}],"replies":[{"embeddable":true,"href":"https:\/\/ateneoescurialense.org\/senderismo\/wp-json\/wp\/v2\/comments?post=1232"}],"version-history":[{"count":4,"href":"https:\/\/ateneoescurialense.org\/senderismo\/wp-json\/wp\/v2\/pages\/1232\/revisions"}],"predecessor-version":[{"id":1237,"href":"https:\/\/ateneoescurialense.org\/senderismo\/wp-json\/wp\/v2\/pages\/1232\/revisions\/1237"}],"wp:attachment":[{"href":"https:\/\/ateneoescurialense.org\/senderismo\/wp-json\/wp\/v2\/media?parent=1232"}],"curies":[{"name":"wp","href":"https:\/\/api.w.org\/{rel}","templated":true}]}}