{"id":1188,"date":"2022-03-12T07:57:31","date_gmt":"2022-03-12T06:57:31","guid":{"rendered":"https:\/\/ateneoescurialense.org\/senderismo\/?page_id=1188"},"modified":"2022-03-12T07:58:46","modified_gmt":"2022-03-12T06:58:46","slug":"san-lorenzo-a-la-cuerda-de-abantos","status":"publish","type":"page","link":"https:\/\/ateneoescurialense.org\/senderismo\/san-lorenzo-a-la-cuerda-de-abantos\/","title":{"rendered":"San Lorenzo a la cuerda de Abantos"},"content":{"rendered":"<p>[et_pb_section fb_built=\u00bb1&#8243; _builder_version=\u00bb4.9.4&#8243; background_color=\u00bb#e2e8ce\u00bb use_background_color_gradient=\u00bbon\u00bb background_color_gradient_start=\u00bb#688987&#8243; background_color_gradient_end=\u00bb#35ffff\u00bb global_colors_info=\u00bb{}\u00bb][et_pb_row _builder_version=\u00bb4.4.9&#8243; global_colors_info=\u00bb{}\u00bb][et_pb_column type=\u00bb4_4&#8243; _builder_version=\u00bb4.4.9&#8243; global_colors_info=\u00bb{}\u00bb][et_pb_text admin_label=\u00bbT\u00edtulo de la ruta\u00bb _builder_version=\u00bb4.14.8&#8243; border_color_all=\u00bbrgba(0,0,0,0)\u00bb global_colors_info=\u00bb{}\u00bb]<\/p>\n<h1><span style=\"color: #800000;\">San Lorenzo a la cuerda de Abantos<\/span><\/h1>\n<p>[\/et_pb_text][et_pb_blurb use_icon=\u00bbon\u00bb font_icon=\u00bb&#x3b;||divi||400&#8243; icon_color=\u00bb#B7321A\u00bb icon_placement=\u00bbleft\u00bb image_icon_width=\u00bb25px\u00bb admin_label=\u00bbFecha\/hora\u00bb _builder_version=\u00bb4.14.8&#8243; _module_preset=\u00bbdefault\u00bb body_font_size=\u00bb16px\u00bb icon_font_size=\u00bb25px\u00bb global_colors_info=\u00bb{}\u00bb]<\/p>\n<p>Domingo 20 de marzo 2022 a las 09:30h<\/p>\n<p>[\/et_pb_blurb][et_pb_blurb use_icon=\u00bbon\u00bb font_icon=\u00bb&#xe081;||divi||400&#8243; icon_color=\u00bb#B7321A\u00bb icon_placement=\u00bbleft\u00bb image_icon_width=\u00bb25px\u00bb admin_label=\u00bbLugar de salida\u00bb _builder_version=\u00bb4.14.8&#8243; _module_preset=\u00bbdefault\u00bb body_font_size=\u00bb16px\u00bb hover_enabled=\u00bb0&#8243; icon_font_size=\u00bb25px\u00bb global_colors_info=\u00bb{}\u00bb sticky_enabled=\u00bb0&#8243;]<\/p>\n<p>Estanque del Monasterio de San Lorenzo de El Escorial<\/p>\n<p>[\/et_pb_blurb][et_pb_blurb use_icon=\u00bbon\u00bb font_icon=\u00bb&#xe08a;||divi||400&#8243; icon_color=\u00bb#B7321A\u00bb icon_placement=\u00bbleft\u00bb image_icon_width=\u00bb25px\u00bb admin_label=\u00bbCoordinador\u00bb _builder_version=\u00bb4.14.4&#8243; _module_preset=\u00bbdefault\u00bb icon_font_size=\u00bb25px\u00bb global_colors_info=\u00bb{}\u00bb]<\/p>\n<h2><span style=\"color: #993300;\">Coordinado por:\u00a0 Miguel \u00c1ngel Santiago<\/span><\/h2>\n<p>[\/et_pb_blurb][\/et_pb_column][\/et_pb_row][et_pb_row _builder_version=\u00bb4.4.9&#8243; background_color=\u00bbrgba(0,0,0,0)\u00bb background_size=\u00bbinitial\u00bb background_position=\u00bbtop_left\u00bb background_repeat=\u00bbrepeat\u00bb global_colors_info=\u00bb{}\u00bb][et_pb_column type=\u00bb4_4&#8243; _builder_version=\u00bb3.25&#8243; custom_padding=\u00bb|||\u00bb global_colors_info=\u00bb{}\u00bb custom_padding__hover=\u00bb|||\u00bb][et_pb_text admin_label=\u00bbDescripci\u00f3n de la ruta\u00bb _builder_version=\u00bb4.14.8&#8243; text_font_size=\u00bb16px\u00bb background_size=\u00bbinitial\u00bb background_position=\u00bbtop_left\u00bb background_repeat=\u00bbrepeat\u00bb global_colors_info=\u00bb{}\u00bb]<\/p>\n<ul>\n<li>Denominaci\u00f3n: <strong><em>San Lorenzo a la cuerda de Abantos<\/em><\/strong>.<\/li>\n<li>Nos reuniremos en el estanque del monasterio de San Lorenzo, para desde all\u00ed, iniciar el ascenso hacia la horizontal y continuar hasta el puerto del Malag\u00f3n. Desde ah\u00ed continuaremos hacia la cruz de Rubens y el pico de abantos, para regresar a San Lorenzo de El Escorial por la Solana<\/li>\n<li>Ruta exigente, de unos 20 km y con desnivel de unos 960 mts. El recorrido tiene un gran inter\u00e9s paisaj\u00edstico.<\/li>\n<li>Reuni\u00f3n: Estanque del monasterio de San Lorenzo de El Escorial.<\/li>\n<li>Hora de Reuni\u00f3n: 9:30 AM<\/li>\n<li>Distancia: 20,0 km<\/li>\n<li>Desnivel: 960 mts.<\/li>\n<li>Tipo de terreno: Pistas y sendas de pie.<\/li>\n<li>Duraci\u00f3n estimada: Dependiendo del ritmo, de entre 4:00 a 5:00 horas<\/li>\n<li>Dificultad: Exigente.\u00a0<\/li>\n<li>Meteorolog\u00eda: Previstas <strong><u>temperaturas en torno a 8<span style=\"font-size: 11.6667px;\">\u00ba<\/span><\/u><\/strong>\u00a0. <strong>\u00a0Hay previsi\u00f3n de Chubascos ligeros.<\/strong><\/li>\n<li>Ropa: de abrigo y que proteja del viento. La temperatura en el collado entre cabezas ser\u00e1 muy baja. <strong>Llevar un chubasquero es muy razonable<\/strong>.<\/li>\n<li>Calzado: Senderismo.<\/li>\n<li>Bastones: Muy recomendables.<\/li>\n<li>Recomendaciones: Agua y comida ligera. Haremos un alto en la zona de Pajares para reponer fuerzas.<\/li>\n<\/ul>\n<p>[\/et_pb_text][et_pb_text admin_label=\u00bbDisclaimer\u00bb _builder_version=\u00bb4.9.2&#8243; text_font_size=\u00bb16px\u00bb background_size=\u00bbinitial\u00bb background_position=\u00bbtop_left\u00bb background_repeat=\u00bbrepeat\u00bb border_radii=\u00bbon|11px|11px|11px|11px\u00bb border_width_all=\u00bb2px\u00bb global_colors_info=\u00bb{}\u00bb]<\/p>\n<p style=\"text-align: center\">Aquellos que no sean socios del Ateneo, deber\u00e1n enviar un correo con sus datos a la direcci\u00f3n <span style=\"color: #800000\"><strong>senderismo@ateneoescurialense.org<\/strong><\/span> antes del pr\u00f3ximo viernes.<\/p>\n<p style=\"text-align: center\">Incluimos el v\u00ednculo a las recomendaciones de la <strong><span style=\"color: #800000\"><a style=\"color: #800000\" href=\"https:\/\/seguridadfedme.es\/capsulas-formativa\/\">FEDME sobre seguridad en la monta\u00f1a<\/a><\/span>.<\/strong><\/p>\n<p>[\/et_pb_text][\/et_pb_column][\/et_pb_row][et_pb_row column_structure=\u00bb2_3,1_3&#8243; _builder_version=\u00bb4.4.9&#8243; background_color=\u00bbrgba(0,0,0,0)\u00bb background_size=\u00bbinitial\u00bb background_position=\u00bbtop_left\u00bb background_repeat=\u00bbrepeat\u00bb global_colors_info=\u00bb{}\u00bb][et_pb_column type=\u00bb2_3&#8243; _builder_version=\u00bb3.25&#8243; custom_padding=\u00bb|||\u00bb global_colors_info=\u00bb{}\u00bb custom_padding__hover=\u00bb|||\u00bb][et_pb_image src=\u00bbhttps:\/\/drive.google.com\/thumbnail?sz=w1000&#038;id=1BCIb_ujZPrk5heAYCEHWO8PPbV5iO99M\u00bb title_text=\u00bbInnovacion2&#8243; align=\u00bbcenter\u00bb admin_label=\u00bbMapa\u00bb _builder_version=\u00bb4.14.8&#8243; global_colors_info=\u00bb{}\u00bb][\/et_pb_image][\/et_pb_column][et_pb_column type=\u00bb1_3&#8243; _builder_version=\u00bb3.25&#8243; custom_padding=\u00bb|||\u00bb global_colors_info=\u00bb{}\u00bb custom_padding__hover=\u00bb|||\u00bb][et_pb_image src=\u00bbhttps:\/\/drive.google.com\/thumbnail?sz=w1000&#038;id=1fTqWTgn2kKpqrqXy35DfpRPi4yIz3HJ2&#8243; title_text=\u00bbInnovacion2&#8243; align=\u00bbcenter\u00bb disabled_on=\u00bboff|off|off\u00bb admin_label=\u00bbPrevisi\u00f3n del tiempo\u00bb _builder_version=\u00bb4.14.8&#8243; global_colors_info=\u00bb{}\u00bb][\/et_pb_image][\/et_pb_column][\/et_pb_row][\/et_pb_section]<\/p>\n","protected":false},"excerpt":{"rendered":"<p>San Lorenzo a la cuerda de AbantosDomingo 20 de marzo 2022 a las 09:30hEstanque del Monasterio de San Lorenzo de El EscorialCoordinado por:\u00a0 Miguel \u00c1ngel Santiago Denominaci\u00f3n: San Lorenzo a la cuerda de Abantos. Nos reuniremos en el estanque del monasterio de San Lorenzo, para desde all\u00ed, iniciar el ascenso hacia la horizontal y continuar [&hellip;]<\/p>\n","protected":false},"author":3,"featured_media":0,"parent":0,"menu_order":0,"comment_status":"closed","ping_status":"closed","template":"","meta":{"_et_pb_use_builder":"on","_et_pb_old_content":"","_et_gb_content_width":"","footnotes":""},"class_list":["post-1188","page","type-page","status-publish","hentry"],"_links":{"self":[{"href":"https:\/\/ateneoescurialense.org\/senderismo\/wp-json\/wp\/v2\/pages\/1188","targetHints":{"allow":["GET"]}}],"collection":[{"href":"https:\/\/ateneoescurialense.org\/senderismo\/wp-json\/wp\/v2\/pages"}],"about":[{"href":"https:\/\/ateneoescurialense.org\/senderismo\/wp-json\/wp\/v2\/types\/page"}],"author":[{"embeddable":true,"href":"https:\/\/ateneoescurialense.org\/senderismo\/wp-json\/wp\/v2\/users\/3"}],"replies":[{"embeddable":true,"href":"https:\/\/ateneoescurialense.org\/senderismo\/wp-json\/wp\/v2\/comments?post=1188"}],"version-history":[{"count":6,"href":"https:\/\/ateneoescurialense.org\/senderismo\/wp-json\/wp\/v2\/pages\/1188\/revisions"}],"predecessor-version":[{"id":1198,"href":"https:\/\/ateneoescurialense.org\/senderismo\/wp-json\/wp\/v2\/pages\/1188\/revisions\/1198"}],"wp:attachment":[{"href":"https:\/\/ateneoescurialense.org\/senderismo\/wp-json\/wp\/v2\/media?parent=1188"}],"curies":[{"name":"wp","href":"https:\/\/api.w.org\/{rel}","templated":true}]}}