{"id":1172,"date":"2022-03-12T07:14:56","date_gmt":"2022-03-12T06:14:56","guid":{"rendered":"https:\/\/ateneoescurialense.org\/senderismo\/?page_id=1172"},"modified":"2022-03-12T07:14:58","modified_gmt":"2022-03-12T06:14:58","slug":"el-bosque-plateado-2","status":"publish","type":"page","link":"https:\/\/ateneoescurialense.org\/senderismo\/el-bosque-plateado-2\/","title":{"rendered":"El bosque plateado"},"content":{"rendered":"<p>[et_pb_section fb_built=\u00bb1&#8243; _builder_version=\u00bb4.9.4&#8243; background_color=\u00bb#e2e8ce\u00bb use_background_color_gradient=\u00bbon\u00bb background_color_gradient_start=\u00bb#688987&#8243; background_color_gradient_end=\u00bb#35ffff\u00bb global_colors_info=\u00bb{}\u00bb theme_builder_area=\u00bbpost_content\u00bb][et_pb_row _builder_version=\u00bb4.4.9&#8243; global_colors_info=\u00bb{}\u00bb theme_builder_area=\u00bbpost_content\u00bb][et_pb_column type=\u00bb4_4&#8243; _builder_version=\u00bb4.4.9&#8243; global_colors_info=\u00bb{}\u00bb theme_builder_area=\u00bbpost_content\u00bb][et_pb_text admin_label=\u00bbT\u00edtulo de la ruta\u00bb _builder_version=\u00bb4.14.8&#8243; hover_enabled=\u00bb0&#8243; border_color_all=\u00bbrgba(0,0,0,0)\u00bb global_colors_info=\u00bb{}\u00bb theme_builder_area=\u00bbpost_content\u00bb sticky_enabled=\u00bb0&#8243;]<\/p>\n<h1><span style=\"color: #800000;\">El bosque plateado<\/span><\/h1>\n<p>[\/et_pb_text][et_pb_blurb use_icon=\u00bbon\u00bb font_icon=\u00bb&#x3b;||divi||400&#8243; icon_color=\u00bb#B7321A\u00bb icon_placement=\u00bbleft\u00bb image_icon_width=\u00bb25px\u00bb admin_label=\u00bbFecha\/hora\u00bb _builder_version=\u00bb4.14.8&#8243; _module_preset=\u00bbdefault\u00bb body_font_size=\u00bb16px\u00bb hover_enabled=\u00bb0&#8243; icon_font_size=\u00bb25px\u00bb global_colors_info=\u00bb{}\u00bb theme_builder_area=\u00bbpost_content\u00bb sticky_enabled=\u00bb0&#8243;]<\/p>\n<p>Domingo 13 de marzo 2022 a las 09:30h<\/p>\n<p>[\/et_pb_blurb][et_pb_blurb use_icon=\u00bbon\u00bb font_icon=\u00bb&#xe081;||divi||400&#8243; icon_color=\u00bb#B7321A\u00bb icon_placement=\u00bbleft\u00bb image_icon_width=\u00bb25px\u00bb admin_label=\u00bbLugar de salida\u00bb _builder_version=\u00bb4.14.8&#8243; _module_preset=\u00bbdefault\u00bb body_font_size=\u00bb16px\u00bb hover_enabled=\u00bb0&#8243; icon_font_size=\u00bb25px\u00bb global_colors_info=\u00bb{}\u00bb theme_builder_area=\u00bbpost_content\u00bb sticky_enabled=\u00bb0&#8243;]<\/p>\n<p>Aparcamiento SuperCor, San Lorenzo de El Escorial<\/p>\n<p>[\/et_pb_blurb][et_pb_blurb use_icon=\u00bbon\u00bb font_icon=\u00bb&#xe08a;||divi||400&#8243; icon_color=\u00bb#B7321A\u00bb icon_placement=\u00bbleft\u00bb image_icon_width=\u00bb25px\u00bb admin_label=\u00bbCoordinador\u00bb _builder_version=\u00bb4.14.4&#8243; _module_preset=\u00bbdefault\u00bb icon_font_size=\u00bb25px\u00bb global_colors_info=\u00bb{}\u00bb theme_builder_area=\u00bbpost_content\u00bb]<\/p>\n<h2><span style=\"color: #993300;\">Coordinado por:\u00a0 Miguel \u00c1ngel Santiago<\/span><\/h2>\n<p>[\/et_pb_blurb][\/et_pb_column][\/et_pb_row][et_pb_row _builder_version=\u00bb4.4.9&#8243; background_color=\u00bbrgba(0,0,0,0)\u00bb background_size=\u00bbinitial\u00bb background_position=\u00bbtop_left\u00bb background_repeat=\u00bbrepeat\u00bb global_colors_info=\u00bb{}\u00bb theme_builder_area=\u00bbpost_content\u00bb][et_pb_column type=\u00bb4_4&#8243; _builder_version=\u00bb3.25&#8243; custom_padding=\u00bb|||\u00bb global_colors_info=\u00bb{}\u00bb custom_padding__hover=\u00bb|||\u00bb theme_builder_area=\u00bbpost_content\u00bb][et_pb_text admin_label=\u00bbDescripci\u00f3n de la ruta\u00bb _builder_version=\u00bb4.14.8&#8243; text_font_size=\u00bb16px\u00bb background_size=\u00bbinitial\u00bb background_position=\u00bbtop_left\u00bb background_repeat=\u00bbrepeat\u00bb hover_enabled=\u00bb0&#8243; global_colors_info=\u00bb{}\u00bb theme_builder_area=\u00bbpost_content\u00bb sticky_enabled=\u00bb0&#8243;]<\/p>\n<ul>\n<li>Denominaci\u00f3n: <strong><em>Circular por la Jarosa<\/em><\/strong>.<\/li>\n<li>Nos reuniremos en el aparcamiento de SuperCor de San Lorenzo, para desde all\u00ed ir hasta la zona <em>La Jarosa II<\/em> en el embalse de la Jarosa. Una vez all\u00ed, iniciaremos el paseo subiendo hacia el bosque plateado para despu\u00e9s continuar hacia el <em>Cerro del cebo de los lobos<\/em> y el <em>Cerro de los Hornillos<\/em> y regresar al punto de partida en <em>la Jarosa II<\/em>.<\/li>\n<li>Estamos ante una ruta algo exigente, de unos 12 km de longitud y con desnivel de unos 430 mts.<\/li>\n<li>Reuni\u00f3n: Aparcamiento de SuperCor de San Lorenzo de El Escorial.<\/li>\n<li>Hora de Reuni\u00f3n: 9:30 AM<\/li>\n<li>Distancia: 12,0 km<\/li>\n<li>Desnivel: 430 mts.<\/li>\n<li>Tipo de terreno: Pistas y sendas de pie.<\/li>\n<li>Duraci\u00f3n estimada: Dependiendo del ritmo, de entre 3:00 a 4:00 horas<\/li>\n<li>Dificultad: Exigente.<\/li>\n<li>Meteorolog\u00eda: Previstas <strong><u>temperaturas en torno a 7<span style=\"font-size: 11.6667px;\">\u00ba<\/span><\/u><\/strong>\u00a0. <strong>\u00a0Hay previsi\u00f3n de Chubascos ligeros.<\/strong><\/li>\n<li>Ropa: de abrigo y que proteja del viento. La temperatura en el collado entre cabezas ser\u00e1 muy baja. <strong>Llevar un chubasquero es muy razonable<\/strong>.<\/li>\n<li>Calzado: Senderismo.<\/li>\n<li>Bastones: Muy recomendables.<\/li>\n<\/ul>\n<p>Recomendaciones: Agua y comida ligera. Haremos un alto para reponer fuerzas.<\/p>\n<p>[\/et_pb_text][et_pb_text admin_label=\u00bbDisclaimer\u00bb _builder_version=\u00bb4.9.2&#8243; text_font_size=\u00bb16px\u00bb background_size=\u00bbinitial\u00bb background_position=\u00bbtop_left\u00bb background_repeat=\u00bbrepeat\u00bb border_radii=\u00bbon|11px|11px|11px|11px\u00bb border_width_all=\u00bb2px\u00bb global_colors_info=\u00bb{}\u00bb theme_builder_area=\u00bbpost_content\u00bb]<\/p>\n<p style=\"text-align: center\">Aquellos que no sean socios del Ateneo, deber\u00e1n enviar un correo con sus datos a la direcci\u00f3n <span style=\"color: #800000\"><strong>senderismo@ateneoescurialense.org<\/strong><\/span> antes del pr\u00f3ximo viernes.<\/p>\n<p style=\"text-align: center\">Incluimos el v\u00ednculo a las recomendaciones de la <strong><span style=\"color: #800000\"><a style=\"color: #800000\" href=\"https:\/\/seguridadfedme.es\/capsulas-formativa\/\">FEDME sobre seguridad en la monta\u00f1a<\/a><\/span>.<\/strong><\/p>\n<p>[\/et_pb_text][\/et_pb_column][\/et_pb_row][et_pb_row column_structure=\u00bb2_3,1_3&#8243; _builder_version=\u00bb4.4.9&#8243; background_color=\u00bbrgba(0,0,0,0)\u00bb background_size=\u00bbinitial\u00bb background_position=\u00bbtop_left\u00bb background_repeat=\u00bbrepeat\u00bb global_colors_info=\u00bb{}\u00bb theme_builder_area=\u00bbpost_content\u00bb][et_pb_column type=\u00bb2_3&#8243; _builder_version=\u00bb3.25&#8243; custom_padding=\u00bb|||\u00bb global_colors_info=\u00bb{}\u00bb custom_padding__hover=\u00bb|||\u00bb theme_builder_area=\u00bbpost_content\u00bb][et_pb_image src=\u00bbhttps:\/\/drive.google.com\/thumbnail?sz=w1000&#038;id=1ysUAH1JEp7TOY-UA1T9Hl_6WRaPmyKwb\u00bb title_text=\u00bbInnovacion2&#8243; align=\u00bbcenter\u00bb admin_label=\u00bbMapa\u00bb _builder_version=\u00bb4.14.8&#8243; hover_enabled=\u00bb0&#8243; global_colors_info=\u00bb{}\u00bb theme_builder_area=\u00bbpost_content\u00bb sticky_enabled=\u00bb0&#8243;][\/et_pb_image][\/et_pb_column][et_pb_column type=\u00bb1_3&#8243; _builder_version=\u00bb3.25&#8243; custom_padding=\u00bb|||\u00bb global_colors_info=\u00bb{}\u00bb custom_padding__hover=\u00bb|||\u00bb theme_builder_area=\u00bbpost_content\u00bb][et_pb_image src=\u00bbhttps:\/\/drive.google.com\/thumbnail?sz=w1000&#038;id=18KYvnJoj-Z62Th9t2eVTpKzFT_5HfeVr\u00bb title_text=\u00bbInnovacion2&#8243; align=\u00bbcenter\u00bb disabled_on=\u00bboff|off|off\u00bb admin_label=\u00bbPrevisi\u00f3n del tiempo\u00bb _builder_version=\u00bb4.14.8&#8243; hover_enabled=\u00bb0&#8243; global_colors_info=\u00bb{}\u00bb theme_builder_area=\u00bbpost_content\u00bb sticky_enabled=\u00bb0&#8243;][\/et_pb_image][\/et_pb_column][\/et_pb_row][\/et_pb_section]<\/p>\n","protected":false},"excerpt":{"rendered":"<p>El bosque plateadoDomingo 13 de marzo 2022 a las 09:30hAparcamiento SuperCor, San Lorenzo de El EscorialCoordinado por:\u00a0 Miguel \u00c1ngel Santiago Denominaci\u00f3n: Circular por la Jarosa. Nos reuniremos en el aparcamiento de SuperCor de San Lorenzo, para desde all\u00ed ir hasta la zona La Jarosa II en el embalse de la Jarosa. Una vez all\u00ed, iniciaremos [&hellip;]<\/p>\n","protected":false},"author":3,"featured_media":0,"parent":0,"menu_order":0,"comment_status":"closed","ping_status":"closed","template":"","meta":{"_et_pb_use_builder":"on","_et_pb_old_content":"","_et_gb_content_width":"","footnotes":""},"class_list":["post-1172","page","type-page","status-publish","hentry"],"_links":{"self":[{"href":"https:\/\/ateneoescurialense.org\/senderismo\/wp-json\/wp\/v2\/pages\/1172","targetHints":{"allow":["GET"]}}],"collection":[{"href":"https:\/\/ateneoescurialense.org\/senderismo\/wp-json\/wp\/v2\/pages"}],"about":[{"href":"https:\/\/ateneoescurialense.org\/senderismo\/wp-json\/wp\/v2\/types\/page"}],"author":[{"embeddable":true,"href":"https:\/\/ateneoescurialense.org\/senderismo\/wp-json\/wp\/v2\/users\/3"}],"replies":[{"embeddable":true,"href":"https:\/\/ateneoescurialense.org\/senderismo\/wp-json\/wp\/v2\/comments?post=1172"}],"version-history":[{"count":4,"href":"https:\/\/ateneoescurialense.org\/senderismo\/wp-json\/wp\/v2\/pages\/1172\/revisions"}],"predecessor-version":[{"id":1177,"href":"https:\/\/ateneoescurialense.org\/senderismo\/wp-json\/wp\/v2\/pages\/1172\/revisions\/1177"}],"wp:attachment":[{"href":"https:\/\/ateneoescurialense.org\/senderismo\/wp-json\/wp\/v2\/media?parent=1172"}],"curies":[{"name":"wp","href":"https:\/\/api.w.org\/{rel}","templated":true}]}}