{"id":2518,"date":"2026-01-13T09:21:12","date_gmt":"2026-01-13T08:21:12","guid":{"rendered":"https:\/\/ateneoescurialense.org\/musica\/?page_id=2518"},"modified":"2026-02-23T13:41:30","modified_gmt":"2026-02-23T12:41:30","slug":"pasion-y-deseo-manuel-de-falla-y-el-amor-brujo","status":"publish","type":"page","link":"https:\/\/ateneoescurialense.org\/musica\/pasion-y-deseo-manuel-de-falla-y-el-amor-brujo\/","title":{"rendered":"Pasi\u00f3n y deseo: Manuel de Falla y \u201cEl Amor Brujo\u201d"},"content":{"rendered":"<p>[et_pb_section fb_built=\u00bb1&#8243; _builder_version=\u00bb4.16&#8243; background_color=\u00bb#e2e8ce\u00bb use_background_color_gradient=\u00bbon\u00bb background_color_gradient_stops=\u00bb#ebf430 0%|#35ffff 100%\u00bb background_color_gradient_start=\u00bb#ebf430&#8243; background_color_gradient_end=\u00bb#35ffff\u00bb global_colors_info=\u00bb{}\u00bb][et_pb_row column_structure=\u00bb1_2,1_2&#8243; admin_label=\u00bbCabecera\u00bb _builder_version=\u00bb4.16&#8243; custom_margin=\u00bb|auto|-23px|auto||\u00bb global_colors_info=\u00bb{}\u00bb][et_pb_column type=\u00bb1_2&#8243; _builder_version=\u00bb4.16&#8243; global_colors_info=\u00bb{}\u00bb][et_pb_text admin_label=\u00bbT\u00edtulo\u00bb _builder_version=\u00bb4.27.4&#8243; text_font_size=\u00bb17px\u00bb background_size=\u00bbinitial\u00bb background_position=\u00bbtop_left\u00bb background_repeat=\u00bbrepeat\u00bb global_colors_info=\u00bb{}\u00bb]<\/p>\n<h1><strong>Pasi\u00f3n y deseo: Manuel de Falla y \u201cEl Amor Brujo\u201d<\/strong><\/h1>\n<p>[\/et_pb_text][et_pb_blurb use_icon=\u00bbon\u00bb font_icon=\u00bb&#xe08a;||divi||400&#8243; icon_placement=\u00bbleft\u00bb image_icon_width=\u00bb25px\u00bb admin_label=\u00bbPonente\u00bb _builder_version=\u00bb4.27.4&#8243; _module_preset=\u00bbdefault\u00bb body_font_size=\u00bb16px\u00bb custom_margin=\u00bb|-61px||||\u00bb icon_font_size=\u00bb25px\u00bb global_colors_info=\u00bb{}\u00bb]<\/p>\n<p>Alejandro Mart\u00ednez Arias<\/p>\n<p>[\/et_pb_blurb][et_pb_blurb use_icon=\u00bbon\u00bb font_icon=\u00bb&#x3b;||divi||400&#8243; icon_placement=\u00bbleft\u00bb image_icon_width=\u00bb25px\u00bb admin_label=\u00bbFecha, hora\u00bb _builder_version=\u00bb4.27.4&#8243; _module_preset=\u00bbdefault\u00bb custom_margin=\u00bb|-61px||||\u00bb custom_padding=\u00bb1px|||||\u00bb icon_font_size=\u00bb25px\u00bb global_colors_info=\u00bb{}\u00bb]<\/p>\n<h3>4 de febrero 2026, a las 18:30<\/h3>\n<p>[\/et_pb_blurb][\/et_pb_column][et_pb_column type=\u00bb1_2&#8243; _builder_version=\u00bb4.16&#8243; global_colors_info=\u00bb{}\u00bb][et_pb_blurb url=\u00bbhttps:\/\/ateneoescurialense.org\/casa-de-cultura\/\u00bb use_icon=\u00bbon\u00bb font_icon=\u00bb&#xe081;||divi||400&#8243; icon_placement=\u00bbleft\u00bb image_icon_width=\u00bb25px\u00bb disabled_on=\u00bboff|off|off\u00bb admin_label=\u00bbCasa de Cultura\u00bb _builder_version=\u00bb4.27.4&#8243; _module_preset=\u00bbdefault\u00bb body_font_size=\u00bb16px\u00bb custom_margin=\u00bb|-61px||157px||\u00bb link_option_url=\u00bbhttps:\/\/ateneoescurialense.org\/casa-de-cultura\/\u00bb icon_font_size=\u00bb25px\u00bb global_colors_info=\u00bb{}\u00bb]<\/p>\n<p><span style=\"font-size: large;\">Casa de Cultura (42)<\/span><\/p>\n<p>c\/Floridablanca 3<\/p>\n<p>[\/et_pb_blurb][et_pb_blurb url=\u00bbhttps:\/\/ateneoescurialense.org\/ateneo-on-line\/\u00bb image=\u00bbhttps:\/\/ateneoescurialense.org\/musica\/wp-content\/uploads\/sites\/11\/2021\/03\/LOGO-Ateneo-DIGITAL-Ver-08.jpg\u00bb icon_placement=\u00bbleft\u00bb image_icon_width=\u00bb25px\u00bb disabled_on=\u00bboff|off|off\u00bb admin_label=\u00bbOn-line\u00bb _builder_version=\u00bb4.27.4&#8243; _module_preset=\u00bbdefault\u00bb body_font_size=\u00bb16px\u00bb custom_margin=\u00bb|-61px||157px||\u00bb link_option_url=\u00bbhttps:\/\/ateneoescurialense.org\/ateneo-on-line\/\u00bb icon_font_size=\u00bb25px\u00bb global_colors_info=\u00bb{}\u00bb]<\/p>\n<p><span style=\"font-size: large;\">On-line<\/span><\/p>\n<p>[\/et_pb_blurb][et_pb_blurb url=\u00bbhttps:\/\/ateneoescurialense.org\/casa-de-cultura\/\u00bb use_icon=\u00bbon\u00bb font_icon=\u00bb&#xe081;||divi||400&#8243; icon_placement=\u00bbleft\u00bb image_icon_width=\u00bb25px\u00bb disabled_on=\u00bbon|on|on\u00bb admin_label=\u00bbSede\u00bb _builder_version=\u00bb4.25.1&#8243; _module_preset=\u00bbdefault\u00bb body_font_size=\u00bb16px\u00bb custom_margin=\u00bb|-61px||157px||\u00bb link_option_url=\u00bbhttps:\/\/ateneoescurialense.org\/casa-de-cultura\/\u00bb icon_font_size=\u00bb25px\u00bb disabled=\u00bbon\u00bb global_colors_info=\u00bb{}\u00bb]<\/p>\n<p><span style=\"font-size: large;\">Sede de encuentros<\/span><\/p>\n<p>Calle del Rey 36, 1\u00aa planta<\/p>\n<p>[\/et_pb_blurb][et_pb_blurb use_icon=\u00bbon\u00bb font_icon=\u00bb&#xe081;||divi||400&#8243; icon_placement=\u00bbleft\u00bb image_icon_width=\u00bb25px\u00bb disabled_on=\u00bbon|on|on\u00bb admin_label=\u00bbCapilla Abantos\u00bb _builder_version=\u00bb4.27.0&#8243; _module_preset=\u00bbdefault\u00bb body_font_size=\u00bb16px\u00bb custom_margin=\u00bb|-61px||157px||\u00bb icon_font_size=\u00bb25px\u00bb disabled=\u00bbon\u00bb global_colors_info=\u00bb{}\u00bb]<\/p>\n<p><span style=\"font-size: large;\">Capilla de Abantos<\/span><\/p>\n<p>Calle Maestro Alonso s\/n<\/p>\n<p>[\/et_pb_blurb][\/et_pb_column][\/et_pb_row][et_pb_row column_structure=\u00bb2_5,3_5&#8243; _builder_version=\u00bb4.16&#8243; _module_preset=\u00bbdefault\u00bb global_colors_info=\u00bb{}\u00bb][et_pb_column type=\u00bb2_5&#8243; _builder_version=\u00bb4.16&#8243; _module_preset=\u00bbdefault\u00bb global_colors_info=\u00bb{}\u00bb][et_pb_image src=\u00bbhttps:\/\/drive.google.com\/thumbnail?sz=w1000&#038;id=1I2FmjO4vrrSOXJsxs7ZJ9-3OPtvad8oM\u00bb _builder_version=\u00bb4.27.4&#8243; _module_preset=\u00bbdefault\u00bb global_colors_info=\u00bb{}\u00bb][\/et_pb_image][et_pb_image src=\u00bbhttps:\/\/drive.google.com\/thumbnail?sz=w1000&#038;id=1jPeCtJoE4vLQcP57sdQ6p1AE4V7kO-EV\u00bb _builder_version=\u00bb4.27.4&#8243; _module_preset=\u00bbdefault\u00bb global_colors_info=\u00bb{}\u00bb][\/et_pb_image][\/et_pb_column][et_pb_column type=\u00bb3_5&#8243; _builder_version=\u00bb4.16&#8243; _module_preset=\u00bbdefault\u00bb global_colors_info=\u00bb{}\u00bb][et_pb_text disabled_on=\u00bboff|off|off\u00bb _builder_version=\u00bb4.27.4&#8243; _module_preset=\u00bbdefault\u00bb global_colors_info=\u00bb{}\u00bb]<\/p>\n<h1 style=\"text-align: center;\"><strong>V\u00eddeo con la conferencia<\/strong><\/h1>\n<p>[\/et_pb_text][et_pb_video src=\u00bbhttps:\/\/youtu.be\/WqfLliNTPcw\u00bb disabled_on=\u00bboff|off|off\u00bb _builder_version=\u00bb4.27.4&#8243; _module_preset=\u00bbdefault\u00bb global_colors_info=\u00bb{}\u00bb][\/et_pb_video][et_pb_text _builder_version=\u00bb4.27.4&#8243; _module_preset=\u00bbdefault\u00bb text_font_size=\u00bb16px\u00bb global_colors_info=\u00bb{}\u00bb]<\/p>\n<p>\u201cEl Amor Brujo\u201d es, indudablemente, una de las obras m\u00e1s insignes de Manuel de Falla y de todo el repertorio sinf\u00f3nico espa\u00f1ol. El sortilegio, lanzado en una cueva y consagrado con la ruptura de una redoma, parece haber encantado tambi\u00e9n a la propia obra, envolviendo de misterio el argumento de esta composici\u00f3n.<\/p>\n<p>En esta conferencia intentaremos arrojar luz sobre esta obra, su argumento y su m\u00fasica. Hablaremos del amor, la pasi\u00f3n, el deseo y los celos desde la \u00f3ptica que nos ofrecen pensadores actuales como Zygmunt Bauman o Eva Illouz. Recorreremos las distintas versiones de esta obra y veremos c\u00f3mo plasma Manuel de Falla estas ideas y los anhelos de Candela en m\u00fasica.<\/p>\n<p>[\/et_pb_text][et_pb_image src=\u00bbhttps:\/\/drive.google.com\/thumbnail?sz=w1000&#038;id=1nXqZ3vjUCGAqRgSgnFH07pYBSzmUjiKy\u00bb _builder_version=\u00bb4.27.4&#8243; _module_preset=\u00bbdefault\u00bb global_colors_info=\u00bb{}\u00bb][\/et_pb_image][\/et_pb_column][\/et_pb_row][et_pb_row column_structure=\u00bb3_4,1_4&#8243; admin_label=\u00bbCV\u00bb _builder_version=\u00bb4.16&#8243; _module_preset=\u00bbdefault\u00bb global_colors_info=\u00bb{}\u00bb][et_pb_column type=\u00bb3_4&#8243; _builder_version=\u00bb4.16&#8243; _module_preset=\u00bbdefault\u00bb global_colors_info=\u00bb{}\u00bb][et_pb_text _builder_version=\u00bb4.27.4&#8243; _module_preset=\u00bbdefault\u00bb text_font_size=\u00bb16px\u00bb global_colors_info=\u00bb{}\u00bb]<\/p>\n<p><strong>Breve curriculum<\/strong><\/p>\n<p><strong>Alejandro Mart\u00ednez Arias <\/strong><\/p>\n<p>Profesor y compositor nacido en Valladolid especializado en m\u00fasica contempor\u00e1nea que despliega su actividad en Madrid. Se form\u00f3 en el Real Conservatorio Superior de m\u00fasica de Madrid, estudiando posteriormente m\u00e1steres de especializaci\u00f3n en educaci\u00f3n y composici\u00f3n contempor\u00e1nea. Compagina su actividad creadora con su inter\u00e9s y pasi\u00f3n por la educaci\u00f3n y divulgaci\u00f3n musical.<\/p>\n<p>[\/et_pb_text][\/et_pb_column][et_pb_column type=\u00bb1_4&#8243; _builder_version=\u00bb4.16&#8243; _module_preset=\u00bbdefault\u00bb global_colors_info=\u00bb{}\u00bb][\/et_pb_column][\/et_pb_row][\/et_pb_section]<\/p>\n","protected":false},"excerpt":{"rendered":"<p>Pasi\u00f3n y deseo: Manuel de Falla y \u201cEl Amor Brujo\u201dAlejandro Mart\u00ednez Arias4 de febrero 2026, a las 18:30Casa de Cultura (42) c\/Floridablanca 3On-lineSede de encuentros Calle del Rey 36, 1\u00aa plantaCapilla de Abantos Calle Maestro Alonso s\/nV\u00eddeo con la conferencia\u201cEl Amor Brujo\u201d es, indudablemente, una de las obras m\u00e1s insignes de Manuel de Falla y [&hellip;]<\/p>\n","protected":false},"author":3,"featured_media":0,"parent":0,"menu_order":0,"comment_status":"closed","ping_status":"closed","template":"","meta":{"_et_pb_use_builder":"on","_et_pb_old_content":"","_et_gb_content_width":"","footnotes":""},"class_list":["post-2518","page","type-page","status-publish","hentry"],"_links":{"self":[{"href":"https:\/\/ateneoescurialense.org\/musica\/wp-json\/wp\/v2\/pages\/2518","targetHints":{"allow":["GET"]}}],"collection":[{"href":"https:\/\/ateneoescurialense.org\/musica\/wp-json\/wp\/v2\/pages"}],"about":[{"href":"https:\/\/ateneoescurialense.org\/musica\/wp-json\/wp\/v2\/types\/page"}],"author":[{"embeddable":true,"href":"https:\/\/ateneoescurialense.org\/musica\/wp-json\/wp\/v2\/users\/3"}],"replies":[{"embeddable":true,"href":"https:\/\/ateneoescurialense.org\/musica\/wp-json\/wp\/v2\/comments?post=2518"}],"version-history":[{"count":9,"href":"https:\/\/ateneoescurialense.org\/musica\/wp-json\/wp\/v2\/pages\/2518\/revisions"}],"predecessor-version":[{"id":2663,"href":"https:\/\/ateneoescurialense.org\/musica\/wp-json\/wp\/v2\/pages\/2518\/revisions\/2663"}],"wp:attachment":[{"href":"https:\/\/ateneoescurialense.org\/musica\/wp-json\/wp\/v2\/media?parent=2518"}],"curies":[{"name":"wp","href":"https:\/\/api.w.org\/{rel}","templated":true}]}}