{"id":393,"date":"2020-12-01T15:07:49","date_gmt":"2020-12-01T14:07:49","guid":{"rendered":"https:\/\/ateneoescurialense.org\/filosofia\/?page_id=393"},"modified":"2020-12-29T06:54:02","modified_gmt":"2020-12-29T05:54:02","slug":"promotor","status":"publish","type":"page","link":"https:\/\/ateneoescurialense.org\/filosofia\/promotor\/","title":{"rendered":"Promotor"},"content":{"rendered":"<p>[et_pb_section fb_built=\u00bb1&#8243; _builder_version=\u00bb4.6.0&#8243; background_color=\u00bb#f2f229&#8243; use_background_color_gradient=\u00bbon\u00bb background_color_gradient_end=\u00bb#ada824&#8243; hover_enabled=\u00bb0&#8243; null=\u00bb#2b87da\u00bb background_color_gradient_start=\u00bb#c7f497&#8243; sticky_enabled=\u00bb0&#8243;][et_pb_row _builder_version=\u00bb4.4.9&#8243;][et_pb_column type=\u00bb4_4&#8243; _builder_version=\u00bb4.4.9&#8243;][et_pb_text _builder_version=\u00bb4.6.0&#8243; text_text_color=\u00bbrgba(0,0,0,0)\u00bb]<\/p>\n<h1><span style=\"color: #800000;\">Promotores<\/span><\/h1>\n<p>[\/et_pb_text][et_pb_text _builder_version=\u00bb4.6.0&#8243;]<\/p>\n<p>Foro de filosof\u00eda<\/p>\n<p>[\/et_pb_text][\/et_pb_column][\/et_pb_row][et_pb_row column_structure=\u00bb3_4,1_4&#8243; _builder_version=\u00bb4.4.9&#8243; background_color=\u00bbrgba(0,0,0,0)\u00bb background_size=\u00bbinitial\u00bb background_position=\u00bbtop_left\u00bb background_repeat=\u00bbrepeat\u00bb][et_pb_column type=\u00bb3_4&#8243; _builder_version=\u00bb3.25&#8243; custom_padding=\u00bb|||\u00bb custom_padding__hover=\u00bb|||\u00bb][et_pb_text _builder_version=\u00bb4.6.0&#8243; text_text_color=\u00bb#0c71c3&#8243; text_font_size=\u00bb20px\u00bb background_color=\u00bbrgba(0,0,0,0)\u00bb background_size=\u00bbinitial\u00bb background_position=\u00bbtop_left\u00bb background_repeat=\u00bbrepeat\u00bb]<\/p>\n<div class=\"cajacontenedoraindex\">\n<div class=\"tr_contenido2\">\n<div id=\"contenedornoticias\" class=\"noticiascontenedor\">\n<div id=\"contenido\">\n<div class=\"cajacontenedoraindex\">\n<div class=\"tr_contenido2\">\n<div>\n<div id=\"contenedornoticias\" class=\"noticiascontenedor\">\n<div id=\"contenido\">\n<p>El Foro lo inicia <strong><span style=\"color: #0000ff;\">D. Jos\u00e9 M\u00aa Calvo de Andr\u00e9s<\/span>,<\/strong> Doctor en Filosof\u00eda y Licenciado en Psicolog\u00eda.<\/p>\n<p><strong><a href=\"http:\/\/josemariacalvo.blogspot.com.es\/\" target=\"_blank\" rel=\"noopener noreferrer\">http:\/\/josemariacalvo.blogspot.com.es\/<\/a><\/strong><\/p>\n<p>Coordina tambi\u00e9n algunas actividades <span style=\"color: #0000ff;\"><strong>D. Alfonso P\u00e9rez Mart\u00edn<\/strong><\/span>, Licenciado en Filosof\u00eda<\/p>\n<\/div>\n<\/div>\n<\/div>\n<\/div>\n<\/div>\n<\/div>\n<\/div>\n<\/div>\n<\/div>\n<p>[\/et_pb_text][\/et_pb_column][et_pb_column type=\u00bb1_4&#8243; _builder_version=\u00bb3.25&#8243; custom_padding=\u00bb|||\u00bb custom_padding__hover=\u00bb|||\u00bb][et_pb_image src=\u00bbhttps:\/\/drive.google.com\/thumbnail?sz=w1000&#038;id=1a8OiI_FRKbstT_Sen8_kcn5LhZKvqjX9&#8243; title_text=\u00bbInnovacion\u00bb align=\u00bbcenter\u00bb _builder_version=\u00bb4.6.0&#8243;][\/et_pb_image][\/et_pb_column][\/et_pb_row][\/et_pb_section]<\/p>\n","protected":false},"excerpt":{"rendered":"<p>PromotoresForo de filosof\u00eda El Foro lo inicia D. Jos\u00e9 M\u00aa Calvo de Andr\u00e9s, Doctor en Filosof\u00eda y Licenciado en Psicolog\u00eda. http:\/\/josemariacalvo.blogspot.com.es\/ Coordina tambi\u00e9n algunas actividades D. Alfonso P\u00e9rez Mart\u00edn, Licenciado en Filosof\u00eda<\/p>\n","protected":false},"author":3,"featured_media":0,"parent":0,"menu_order":0,"comment_status":"closed","ping_status":"closed","template":"","meta":{"_et_pb_use_builder":"on","_et_pb_old_content":"","_et_gb_content_width":"","footnotes":""},"class_list":["post-393","page","type-page","status-publish","hentry"],"_links":{"self":[{"href":"https:\/\/ateneoescurialense.org\/filosofia\/wp-json\/wp\/v2\/pages\/393","targetHints":{"allow":["GET"]}}],"collection":[{"href":"https:\/\/ateneoescurialense.org\/filosofia\/wp-json\/wp\/v2\/pages"}],"about":[{"href":"https:\/\/ateneoescurialense.org\/filosofia\/wp-json\/wp\/v2\/types\/page"}],"author":[{"embeddable":true,"href":"https:\/\/ateneoescurialense.org\/filosofia\/wp-json\/wp\/v2\/users\/3"}],"replies":[{"embeddable":true,"href":"https:\/\/ateneoescurialense.org\/filosofia\/wp-json\/wp\/v2\/comments?post=393"}],"version-history":[{"count":5,"href":"https:\/\/ateneoescurialense.org\/filosofia\/wp-json\/wp\/v2\/pages\/393\/revisions"}],"predecessor-version":[{"id":591,"href":"https:\/\/ateneoescurialense.org\/filosofia\/wp-json\/wp\/v2\/pages\/393\/revisions\/591"}],"wp:attachment":[{"href":"https:\/\/ateneoescurialense.org\/filosofia\/wp-json\/wp\/v2\/media?parent=393"}],"curies":[{"name":"wp","href":"https:\/\/api.w.org\/{rel}","templated":true}]}}