{"id":1400,"date":"2026-02-22T08:26:48","date_gmt":"2026-02-22T07:26:48","guid":{"rendered":"https:\/\/ateneoescurialense.org\/economia\/?page_id=1400"},"modified":"2026-02-22T08:31:58","modified_gmt":"2026-02-22T07:31:58","slug":"creacion-de-empresas-el-caso-de-japon","status":"publish","type":"page","link":"https:\/\/ateneoescurialense.org\/economia\/creacion-de-empresas-el-caso-de-japon\/","title":{"rendered":"Creaci\u00f3n de empresas: el caso de Jap\u00f3n"},"content":{"rendered":"<p>[et_pb_section fb_built=\u00bb1&#8243; _builder_version=\u00bb4.16&#8243; background_color=\u00bb#FFFFFF\u00bb use_background_color_gradient=\u00bbon\u00bb background_color_gradient_stops=\u00bb#1b897b 0%|#35ffff 100%\u00bb background_color_gradient_start=\u00bb#1b897b\u00bb background_color_gradient_end=\u00bb#35ffff\u00bb global_colors_info=\u00bb{}\u00bb][et_pb_row _builder_version=\u00bb4.16&#8243; global_colors_info=\u00bb{}\u00bb][et_pb_column type=\u00bb4_4&#8243; _builder_version=\u00bb4.16&#8243; global_colors_info=\u00bb{}\u00bb][et_pb_text admin_label=\u00bbT\u00edtulo de la conferencia\u00bb _builder_version=\u00bb4.27.4&#8243; border_color_all=\u00bbrgba(0,0,0,0)\u00bb global_colors_info=\u00bb{}\u00bb]<\/p>\n<h1><strong><span style=\"color: #800000;\">Creaci\u00f3n de empresas: el caso de Jap\u00f3n<\/span><\/strong><\/h1>\n<p>[\/et_pb_text][\/et_pb_column][\/et_pb_row][et_pb_row column_structure=\u00bb1_2,1_2&#8243; _builder_version=\u00bb4.16&#8243; global_colors_info=\u00bb{}\u00bb][et_pb_column type=\u00bb1_2&#8243; _builder_version=\u00bb4.16&#8243; global_colors_info=\u00bb{}\u00bb][et_pb_blurb title=\u00bbJueves 19 de febrero 2026 a las 18:30h\u00bb use_icon=\u00bbon\u00bb font_icon=\u00bb&#x3b;||divi||400&#8243; icon_color=\u00bb#B7321A\u00bb icon_placement=\u00bbleft\u00bb image_icon_width=\u00bb25px\u00bb admin_label=\u00bbFecha\u00bb _builder_version=\u00bb4.27.4&#8243; _module_preset=\u00bbdefault\u00bb header_text_color=\u00bb#aa2403&#8243; header_font_size=\u00bb21px\u00bb icon_font_size=\u00bb25px\u00bb global_colors_info=\u00bb{}\u00bb][\/et_pb_blurb][et_pb_blurb use_icon=\u00bbon\u00bb font_icon=\u00bb&#xe08a;||divi||400&#8243; icon_color=\u00bb#B7321A\u00bb icon_placement=\u00bbleft\u00bb admin_label=\u00bbPonente\u00bb _builder_version=\u00bb4.27.4&#8243; _module_preset=\u00bbdefault\u00bb global_colors_info=\u00bb{}\u00bb]<\/p>\n<h2><span style=\"color: #993300;\">Ponente: <\/span><span style=\"color: #993300;\">Miguel \u00c1ngel Ramos L\u00e1zaro<\/span><\/h2>\n<p>[\/et_pb_blurb][\/et_pb_column][et_pb_column type=\u00bb1_2&#8243; _builder_version=\u00bb4.16&#8243; global_colors_info=\u00bb{}\u00bb][et_pb_blurb title=\u00bbCasa de Cultura (24)\u00bb url=\u00bbhttps:\/\/ateneoescurialense.org\/casa-de-cultura\/\u00bb use_icon=\u00bbon\u00bb font_icon=\u00bb&#xe081;||divi||400&#8243; icon_color=\u00bb#E02B20&#8243; icon_placement=\u00bbleft\u00bb disabled_on=\u00bboff|off|off\u00bb admin_label=\u00bbCasa de Cultura\u00bb _builder_version=\u00bb4.27.4&#8243; _module_preset=\u00bbdefault\u00bb header_text_color=\u00bb#9e4211&#8243; header_font_size=\u00bb21px\u00bb link_option_url=\u00bbhttps:\/\/ateneoescurialense.org\/casa-de-cultura\/\u00bb global_colors_info=\u00bb{}\u00bb][\/et_pb_blurb][et_pb_blurb title=\u00bbSede de encuentros (18)\u00bb url=\u00bbhttps:\/\/ateneoescurialense.org\/sede-de-encuentros\/\u00bb use_icon=\u00bbon\u00bb font_icon=\u00bb&#xe081;||divi||400&#8243; icon_color=\u00bb#E02B20&#8243; icon_placement=\u00bbleft\u00bb disabled_on=\u00bbon|on|on\u00bb admin_label=\u00bbSede\u00bb _builder_version=\u00bb4.27.2&#8243; _module_preset=\u00bbdefault\u00bb header_text_color=\u00bb#9e4211&#8243; header_font_size=\u00bb21px\u00bb link_option_url=\u00bbhttps:\/\/ateneoescurialense.org\/sede-de-encuentros\/\u00bb disabled=\u00bbon\u00bb global_colors_info=\u00bb{}\u00bb]<\/p>\n<p>Calle del Rey 36, 1\u00aa `planta<\/p>\n<p>[\/et_pb_blurb][et_pb_blurb title=\u00bbOn-line\u00bb url=\u00bbhttps:\/\/ateneoescurialense.org\/ateneo-on-line\/\u00bb image=\u00bbhttps:\/\/ateneoescurialense.org\/economia\/wp-content\/uploads\/sites\/12\/2021\/03\/LOGO-Ateneo-DIGITAL-Ver-08.jpg\u00bb icon_placement=\u00bbleft\u00bb disabled_on=\u00bboff|off|off\u00bb admin_label=\u00bbLugar\/on-line\u00bb _builder_version=\u00bb4.27.4&#8243; _module_preset=\u00bbdefault\u00bb header_text_color=\u00bb#9e4211&#8243; header_font_size=\u00bb21px\u00bb link_option_url=\u00bbhttps:\/\/ateneoescurialense.org\/ateneo-on-line\/\u00bb global_colors_info=\u00bb{}\u00bb][\/et_pb_blurb][\/et_pb_column][\/et_pb_row][et_pb_row column_structure=\u00bb3_5,2_5&#8243; _builder_version=\u00bb4.19.0&#8243; _module_preset=\u00bbdefault\u00bb global_colors_info=\u00bb{}\u00bb][et_pb_column type=\u00bb3_5&#8243; _builder_version=\u00bb4.19.0&#8243; _module_preset=\u00bbdefault\u00bb global_colors_info=\u00bb{}\u00bb][et_pb_text _builder_version=\u00bb4.27.4&#8243; text_font_size=\u00bb16px\u00bb background_size=\u00bbinitial\u00bb background_position=\u00bbtop_left\u00bb background_repeat=\u00bbrepeat\u00bb global_colors_info=\u00bb{}\u00bb]<\/p>\n<p>La conferencia sobre la creaci\u00f3n de empresas en distintos entornos, centr\u00e1ndose en el caso de Jap\u00f3n, tomando como ejemplo la idea de Toyota, su g\u00e9nesis y desarrollo posterior.<\/p>\n<p>Se ilustra esta historia con un v\u00eddeo de la universidad que la propia compa\u00f1\u00eda regenta.\u00a0<\/p>\n<p>[\/et_pb_text][et_pb_image src=\u00bbhttps:\/\/drive.google.com\/thumbnail?sz=w1000&#038;id=1shACn4Wv5YV6XKnXiBfkKzmzLQ45Swek\u00bb _builder_version=\u00bb4.27.4&#8243; _module_preset=\u00bbdefault\u00bb global_colors_info=\u00bb{}\u00bb][\/et_pb_image][et_pb_image src=\u00bbhttps:\/\/drive.google.com\/thumbnail?sz=w1000&#038;id=1cSKgISkoE7E8zgIcNXZ0gECm3uG_wdGg\u00bb _builder_version=\u00bb4.27.4&#8243; _module_preset=\u00bbdefault\u00bb global_colors_info=\u00bb{}\u00bb][\/et_pb_image][\/et_pb_column][et_pb_column type=\u00bb2_5&#8243; _builder_version=\u00bb4.19.0&#8243; _module_preset=\u00bbdefault\u00bb global_colors_info=\u00bb{}\u00bb][et_pb_text disabled_on=\u00bboff|off|off\u00bb _builder_version=\u00bb4.21.0&#8243; text_font_size=\u00bb18px\u00bb background_size=\u00bbinitial\u00bb background_position=\u00bbtop_left\u00bb background_repeat=\u00bbrepeat\u00bb global_colors_info=\u00bb{}\u00bb]<\/p>\n<h1 style=\"text-align: center;\"><span style=\"color: #3366ff;\"><strong>V\u00eddeo de la conferencia<\/strong><\/span><\/h1>\n<p>[\/et_pb_text][et_pb_video src=\u00bbhttps:\/\/youtu.be\/ttv4ePk8I-M\u00bb disabled_on=\u00bboff|off|off\u00bb _builder_version=\u00bb4.27.4&#8243; _module_preset=\u00bbdefault\u00bb hover_enabled=\u00bb0&#8243; global_colors_info=\u00bb{}\u00bb sticky_enabled=\u00bb0&#8243;][\/et_pb_video][et_pb_image src=\u00bbhttps:\/\/drive.google.com\/thumbnail?sz=w1000&#038;id=1RIoXUaaqgqObD7dv-C2X0QLhTf0dLNX4&#8243; _builder_version=\u00bb4.27.4&#8243; _module_preset=\u00bbdefault\u00bb global_colors_info=\u00bb{}\u00bb][\/et_pb_image][\/et_pb_column][\/et_pb_row][et_pb_row column_structure=\u00bb3_4,1_4&#8243; admin_label=\u00bbCV\u00bb _builder_version=\u00bb4.16&#8243; background_color=\u00bbrgba(0,0,0,0)\u00bb background_size=\u00bbinitial\u00bb background_position=\u00bbtop_left\u00bb background_repeat=\u00bbrepeat\u00bb global_colors_info=\u00bb{}\u00bb][et_pb_column type=\u00bb3_4&#8243; _builder_version=\u00bb4.16&#8243; custom_padding=\u00bb|||\u00bb global_colors_info=\u00bb{}\u00bb custom_padding__hover=\u00bb|||\u00bb][et_pb_text _builder_version=\u00bb4.19.4&#8243; text_font_size=\u00bb16px\u00bb background_size=\u00bbinitial\u00bb background_position=\u00bbtop_left\u00bb background_repeat=\u00bbrepeat\u00bb global_colors_info=\u00bb{}\u00bb]<\/p>\n<div class=\"cajacontenedoraindex\">\n<div class=\"tr_contenido2\">\n<div id=\"contenedornoticias\" class=\"noticiascontenedor\">\n<div id=\"contenido\">\n<p>CV<\/p>\n<p>Miguel \u00c1ngel Ramos L\u00e1zaro. Nacido en Salamanca en el a\u00f1o 1942<\/p>\n<p>Titulaciones y ejercicio profesional: Aparejador y Economista.<\/p>\n<p>Mi actividad ha sido totalmente pr\u00e1ctica.<\/p>\n<p>Como Aparejador he participado en empresas e instituciones P\u00fablicas para la construcci\u00f3n de viviendas, urbanizaciones, hospitales, museos, oficinas, oficinas bancarias y otro tipo de edificaciones. Esta actividad me relacion\u00f3 durante m\u00e1s de 40 a\u00f1os con el \u00e1rea tecnol\u00f3gica, se\u00f1al\u00e1ndome la necesidad de aplicar en paralelo las cuestiones t\u00e9cnicas con decisiones econ\u00f3micas, hasta el punto de conocer que no habr\u00eda ning\u00fan tipo de tecnolog\u00eda si no se hacen los c\u00e1lculos financieros, de costes, valoraciones y precios para llevar a buen fin cualquier proyecto, incluido el que se relacione con la investigaci\u00f3n y la innovaci\u00f3n.<\/p>\n<\/div>\n<\/div>\n<\/div>\n<\/div>\n<p>[\/et_pb_text][\/et_pb_column][et_pb_column type=\u00bb1_4&#8243; _builder_version=\u00bb4.16&#8243; custom_padding=\u00bb|||\u00bb global_colors_info=\u00bb{}\u00bb custom_padding__hover=\u00bb|||\u00bb][et_pb_image src=\u00bbhttps:\/\/drive.google.com\/thumbnail?sz=w1000&#038;id=1eDpM-Uedo0qoJJF4PNoaZuFhRHUtpD81&#8243; _builder_version=\u00bb4.16&#8243; _module_preset=\u00bbdefault\u00bb global_colors_info=\u00bb{}\u00bb][\/et_pb_image][\/et_pb_column][\/et_pb_row][et_pb_row _builder_version=\u00bb4.16&#8243; background_color=\u00bbrgba(0,0,0,0)\u00bb background_size=\u00bbinitial\u00bb background_position=\u00bbtop_left\u00bb background_repeat=\u00bbrepeat\u00bb global_colors_info=\u00bb{}\u00bb][et_pb_column type=\u00bb4_4&#8243; _builder_version=\u00bb4.16&#8243; custom_padding=\u00bb|||\u00bb global_colors_info=\u00bb{}\u00bb custom_padding__hover=\u00bb|||\u00bb][et_pb_text _builder_version=\u00bb4.23.4&#8243; text_font_size=\u00bb16px\u00bb background_size=\u00bbinitial\u00bb background_position=\u00bbtop_left\u00bb background_repeat=\u00bbrepeat\u00bb global_colors_info=\u00bb{}\u00bb]<\/p>\n<div class=\"cajacontenedoraindex\">\n<div class=\"tr_contenido2\">\n<div id=\"contenedornoticias\" class=\"noticiascontenedor\">\n<div id=\"contenido\">\n<p>La experiencia econ\u00f3mica, independientemente del se\u00f1alado arriba, he trabajado en la empresa CAMPSA en diversos departamentos, desde el de Administraci\u00f3n, Inform\u00e1tica, Presupuestos y Control de Gesti\u00f3n, y como Director de Desarrollo de Recursos Humanos. Participando con este cargo en la creaci\u00f3n de Repsol. Una vez cumplido el Plan Estrat\u00e9gico que acababa con CAMPSA, pas\u00e9 a trabajar en BANESTO como Director de Obras y Mantenimiento. Como consecuencia de la intervenci\u00f3n de este Banco me dedique al trabajo por mi cuenta creando una Asesor\u00eda Econ\u00f3mica, Financiera, Fiscal y Laboral, funcionando durante 25 a\u00f1os hasta mi jubilaci\u00f3n.<\/p>\n<\/div>\n<\/div>\n<\/div>\n<\/div>\n<p>[\/et_pb_text][\/et_pb_column][\/et_pb_row][\/et_pb_section]<\/p>\n","protected":false},"excerpt":{"rendered":"<p>Creaci\u00f3n de empresas: el caso de Jap\u00f3nPonente: Miguel \u00c1ngel Ramos L\u00e1zaroCalle del Rey 36, 1\u00aa `plantaLa conferencia sobre la creaci\u00f3n de empresas en distintos entornos, centr\u00e1ndose en el caso de Jap\u00f3n, tomando como ejemplo la idea de Toyota, su g\u00e9nesis y desarrollo posterior. Se ilustra esta historia con un v\u00eddeo de la universidad que la [&hellip;]<\/p>\n","protected":false},"author":3,"featured_media":0,"parent":0,"menu_order":0,"comment_status":"closed","ping_status":"closed","template":"","meta":{"_et_pb_use_builder":"on","_et_pb_old_content":"","_et_gb_content_width":"","footnotes":""},"class_list":["post-1400","page","type-page","status-publish","hentry"],"_links":{"self":[{"href":"https:\/\/ateneoescurialense.org\/economia\/wp-json\/wp\/v2\/pages\/1400","targetHints":{"allow":["GET"]}}],"collection":[{"href":"https:\/\/ateneoescurialense.org\/economia\/wp-json\/wp\/v2\/pages"}],"about":[{"href":"https:\/\/ateneoescurialense.org\/economia\/wp-json\/wp\/v2\/types\/page"}],"author":[{"embeddable":true,"href":"https:\/\/ateneoescurialense.org\/economia\/wp-json\/wp\/v2\/users\/3"}],"replies":[{"embeddable":true,"href":"https:\/\/ateneoescurialense.org\/economia\/wp-json\/wp\/v2\/comments?post=1400"}],"version-history":[{"count":6,"href":"https:\/\/ateneoescurialense.org\/economia\/wp-json\/wp\/v2\/pages\/1400\/revisions"}],"predecessor-version":[{"id":1410,"href":"https:\/\/ateneoescurialense.org\/economia\/wp-json\/wp\/v2\/pages\/1400\/revisions\/1410"}],"wp:attachment":[{"href":"https:\/\/ateneoescurialense.org\/economia\/wp-json\/wp\/v2\/media?parent=1400"}],"curies":[{"name":"wp","href":"https:\/\/api.w.org\/{rel}","templated":true}]}}