{"id":4192,"date":"2022-05-22T23:05:16","date_gmt":"2022-05-22T21:05:16","guid":{"rendered":"https:\/\/ateneoescurialense.org\/cienciaytecnologia\/?page_id=4192"},"modified":"2022-05-22T23:14:42","modified_gmt":"2022-05-22T21:14:42","slug":"ages-of-mars","status":"publish","type":"page","link":"https:\/\/ateneoescurialense.org\/cienciaytecnologia\/ages-of-mars\/","title":{"rendered":"Ages of Mars"},"content":{"rendered":"<p>[et_pb_section fb_built=\u00bb1&#8243; _builder_version=\u00bb4.16&#8243; background_color=\u00bb#d6d6d6&#8243; use_background_color_gradient=\u00bbon\u00bb background_color_gradient_stops=\u00bb#c1f1f2 0%|rgba(188,196,168,0.39) 100%\u00bb background_color_gradient_start=\u00bb#c1f1f2&#8243; background_color_gradient_end=\u00bbrgba(188,196,168,0.39)\u00bb collapsed=\u00bboff\u00bb global_colors_info=\u00bb{}\u00bb][et_pb_row column_structure=\u00bb1_2,1_2&#8243; _builder_version=\u00bb4.16&#8243; global_colors_info=\u00bb{}\u00bb][et_pb_column type=\u00bb1_2&#8243; _builder_version=\u00bb4.16&#8243; global_colors_info=\u00bb{}\u00bb][et_pb_text _builder_version=\u00bb4.17.4&#8243; global_colors_info=\u00bb{}\u00bb]<\/p>\n<h1>Ages of Mars<\/h1>\n<p>[\/et_pb_text][et_pb_blurb use_icon=\u00bbon\u00bb font_icon=\u00bb&#x3b;||divi||400&#8243; icon_placement=\u00bbleft\u00bb image_icon_width=\u00bb25px\u00bb admin_label=\u00bbFecha\/hora\u00bb _builder_version=\u00bb4.17.4&#8243; _module_preset=\u00bbdefault\u00bb icon_font_size=\u00bb25px\u00bb global_colors_info=\u00bb{}\u00bb]<\/p>\n<p>Del 4 al 8 de julio 2022<\/p>\n<p>[\/et_pb_blurb][\/et_pb_column][et_pb_column type=\u00bb1_2&#8243; _builder_version=\u00bb4.16&#8243; global_colors_info=\u00bb{}\u00bb][et_pb_blurb url=\u00bbhttps:\/\/ateneoescurialense.org\/casa-de-cultura\/\u00bb use_icon=\u00bbon\u00bb font_icon=\u00bb&#xe081;||divi||400&#8243; icon_placement=\u00bbleft\u00bb image_icon_width=\u00bb25px\u00bb admin_label=\u00bbUbicaci\u00f3n\u00bb _builder_version=\u00bb4.17.4&#8243; _module_preset=\u00bbdefault\u00bb link_option_url=\u00bbhttps:\/\/ateneoescurialense.org\/casa-de-cultura\/\u00bb hover_enabled=\u00bb0&#8243; icon_font_size=\u00bb25px\u00bb global_colors_info=\u00bb{}\u00bb sticky_enabled=\u00bb0&#8243;]<\/p>\n<p><strong>Hotel Los Lanceros<\/strong><\/p>\n<div class=\"gmap_canvas\"><span class=\"LrzXr\">C. Calvario, 47, 49<\/span><\/div>\n<div class=\"gmap_canvas\"><span class=\"LrzXr\">28200 San Lorenzo de El Escorial<\/span><\/div>\n<p>[\/et_pb_blurb][\/et_pb_column][\/et_pb_row][et_pb_row column_structure=\u00bb1_2,1_2&#8243; _builder_version=\u00bb4.16&#8243; background_size=\u00bbinitial\u00bb background_position=\u00bbtop_left\u00bb background_repeat=\u00bbrepeat\u00bb global_colors_info=\u00bb{}\u00bb][et_pb_column type=\u00bb1_2&#8243; _builder_version=\u00bb4.16&#8243; custom_padding=\u00bb|||\u00bb global_colors_info=\u00bb{}\u00bb custom_padding__hover=\u00bb|||\u00bb][et_pb_image src=\u00bbhttps:\/\/drive.google.com\/thumbnail?sz=w1000&#038;id=1oxzn-7qCRyJ0YNp8rV55ledBpS9iJkgS\u00bb title_text=\u00bbCyT_Transhuman1&#8243; url=\u00bbhttps:\/\/drive.google.com\/thumbnail?sz=w1000&#038;id=1oxzn-7qCRyJ0YNp8rV55ledBpS9iJkgS\u00bb url_new_window=\u00bbon\u00bb _builder_version=\u00bb4.17.4&#8243; global_colors_info=\u00bb{}\u00bb][\/et_pb_image][\/et_pb_column][et_pb_column type=\u00bb1_2&#8243; _builder_version=\u00bb4.16&#8243; custom_padding=\u00bb|||\u00bb global_colors_info=\u00bb{}\u00bb custom_padding__hover=\u00bb|||\u00bb][et_pb_text admin_label=\u00bbTexto\u00bb _builder_version=\u00bb4.17.4&#8243; text_font_size=\u00bb16px\u00bb hover_enabled=\u00bb0&#8243; global_colors_info=\u00bb{}\u00bb sticky_enabled=\u00bb0&#8243;]<\/p>\n<p>Aqu\u00ed adjuntamos la informaci\u00f3n del <strong>curso de verano de Marte<\/strong> que se celebrar\u00e1 en Los Lanceros del 4 al 8 de julio.<\/p>\n<p>Web: \ud83d\udc49\ud83c\udffd <span style=\"color: #3366ff;\"><strong><a style=\"color: #3366ff;\" href=\"https:\/\/ucm.es\/agesofmars\/\">https:\/\/ucm.es\/agesofmars\/<\/a><\/strong><\/span><\/p>\n<p>Entrevista breve en COPE: \ud83d\udc49\ud83c\udffd<span style=\"color: #3366ff;\"><strong> <a style=\"color: #3366ff;\" href=\"https:\/\/www.cope.es\/emisoras\/comunidad-de-madrid\/madrid-provincia\/villalba\/audios\/informativo-mediodia-mayo-20220512_1946791\">https:\/\/www.cope.es\/emisoras\/comunidad-de-madrid\/madrid-provincia\/villalba\/audios\/informativo-mediodia-mayo-20220512_1946791<\/a><\/strong><\/span><\/p>\n<p>La inscripci\u00f3n es <strong>totalmente gratuita<\/strong> y queremos potenciar la participaci\u00f3n de estudiantes de diferentes disciplinas.<\/p>\n<p>[\/et_pb_text][\/et_pb_column][\/et_pb_row][\/et_pb_section]<\/p>\n","protected":false},"excerpt":{"rendered":"<p>Ages of MarsDel 4 al 8 de julio 2022Hotel Los Lanceros C. Calvario, 47, 49 28200 San Lorenzo de El EscorialAqu\u00ed adjuntamos la informaci\u00f3n del curso de verano de Marte que se celebrar\u00e1 en Los Lanceros del 4 al 8 de julio. Web: \ud83d\udc49\ud83c\udffd https:\/\/ucm.es\/agesofmars\/ Entrevista breve en COPE: \ud83d\udc49\ud83c\udffd https:\/\/www.cope.es\/emisoras\/comunidad-de-madrid\/madrid-provincia\/villalba\/audios\/informativo-mediodia-mayo-20220512_1946791 La inscripci\u00f3n es totalmente [&hellip;]<\/p>\n","protected":false},"author":3,"featured_media":0,"parent":0,"menu_order":0,"comment_status":"closed","ping_status":"closed","template":"","meta":{"_et_pb_use_builder":"on","_et_pb_old_content":"","_et_gb_content_width":"","footnotes":""},"class_list":["post-4192","page","type-page","status-publish","hentry"],"_links":{"self":[{"href":"https:\/\/ateneoescurialense.org\/cienciaytecnologia\/wp-json\/wp\/v2\/pages\/4192","targetHints":{"allow":["GET"]}}],"collection":[{"href":"https:\/\/ateneoescurialense.org\/cienciaytecnologia\/wp-json\/wp\/v2\/pages"}],"about":[{"href":"https:\/\/ateneoescurialense.org\/cienciaytecnologia\/wp-json\/wp\/v2\/types\/page"}],"author":[{"embeddable":true,"href":"https:\/\/ateneoescurialense.org\/cienciaytecnologia\/wp-json\/wp\/v2\/users\/3"}],"replies":[{"embeddable":true,"href":"https:\/\/ateneoescurialense.org\/cienciaytecnologia\/wp-json\/wp\/v2\/comments?post=4192"}],"version-history":[{"count":6,"href":"https:\/\/ateneoescurialense.org\/cienciaytecnologia\/wp-json\/wp\/v2\/pages\/4192\/revisions"}],"predecessor-version":[{"id":4205,"href":"https:\/\/ateneoescurialense.org\/cienciaytecnologia\/wp-json\/wp\/v2\/pages\/4192\/revisions\/4205"}],"wp:attachment":[{"href":"https:\/\/ateneoescurialense.org\/cienciaytecnologia\/wp-json\/wp\/v2\/media?parent=4192"}],"curies":[{"name":"wp","href":"https:\/\/api.w.org\/{rel}","templated":true}]}}