{"id":1148,"date":"2021-04-12T09:48:48","date_gmt":"2021-04-12T07:48:48","guid":{"rendered":"https:\/\/ateneoescurialense.org\/arte\/?page_id=1148"},"modified":"2023-05-22T16:04:46","modified_gmt":"2023-05-22T14:04:46","slug":"v-certamen-de-pintura-bases","status":"publish","type":"page","link":"https:\/\/ateneoescurialense.org\/arte\/v-certamen-de-pintura-bases\/","title":{"rendered":"V Certamen de Pintura (Bases)"},"content":{"rendered":"<p>[et_pb_section fb_built=\u00bb1&#8243; _builder_version=\u00bb4.16&#8243; _module_preset=\u00bbdefault\u00bb global_colors_info=\u00bb{}\u00bb][et_pb_row _builder_version=\u00bb4.16&#8243; _module_preset=\u00bbdefault\u00bb global_colors_info=\u00bb{}\u00bb][et_pb_column type=\u00bb4_4&#8243; _builder_version=\u00bb4.16&#8243; _module_preset=\u00bbdefault\u00bb global_colors_info=\u00bb{}\u00bb][et_pb_text admin_label=\u00bbTexto\u00bb _builder_version=\u00bb4.16&#8243; _module_preset=\u00bbdefault\u00bb global_colors_info=\u00bb{}\u00bb]<\/p>\n<h1>V Certamen de Pintura (Bases)<\/h1>\n<p>Marzo 2019<\/p>\n<p>[\/et_pb_text][\/et_pb_column][\/et_pb_row][et_pb_row column_structure=\u00bb1_4,3_4&#8243; _builder_version=\u00bb4.16&#8243; _module_preset=\u00bbdefault\u00bb global_colors_info=\u00bb{}\u00bb][et_pb_column type=\u00bb1_4&#8243; _builder_version=\u00bb4.16&#8243; _module_preset=\u00bbdefault\u00bb global_colors_info=\u00bb{}\u00bb][et_pb_image src=\u00bbhttps:\/\/drive.google.com\/thumbnail?sz=w1000&#038;id=1r9HNGA5qx_lAtxNPqOozwXGhUu18_e2p\u00bb _builder_version=\u00bb4.21.0&#8243; _module_preset=\u00bbdefault\u00bb global_colors_info=\u00bb{}\u00bb][\/et_pb_image][\/et_pb_column][et_pb_column type=\u00bb3_4&#8243; _builder_version=\u00bb4.16&#8243; _module_preset=\u00bbdefault\u00bb global_colors_info=\u00bb{}\u00bb][et_pb_text admin_label=\u00bbTexto\u00bb _builder_version=\u00bb4.16&#8243; _module_preset=\u00bbdefault\u00bb global_colors_info=\u00bb{}\u00bb]<\/p>\n<div class=\"cajacontenedoraindex\">\n<div class=\"tr_contenido2\">\n<div id=\"contenedornoticias\" class=\"noticiascontenedor\">\n<div id=\"contenido\">\n<p>La Sierra y su entorno<\/p>\n<p><span style=\"font-size: large;\"><strong><span style=\"color: #ff0000;\">El Ateneo Escurialense,<\/span><\/strong><span style=\"color: #808080;\"> con la colaboraci\u00f3n del Ilmo. Ayuntamiento de San Lorenzo de El Escorial, convoca el V Certamen de Pintura \u00abLa Sierra y su entorno\u00bb.<\/span><\/span><\/p>\n<p><span style=\"color: #ff0000;\"><strong><span style=\"font-size: medium;\">Inauguraci\u00f3n:\u00a0\u00a0<\/span><\/strong><\/span><span style=\"color: #808080;\"><strong><span style=\"font-size: medium;\"> Viernes 1 de marzo <br \/><\/span><\/strong><\/span><span style=\"color: #ff0000;\"><strong><span style=\"font-size: medium;\">Proclamaci\u00f3n de ganadores y entrega de Premios: <\/span><\/strong><\/span><span style=\"color: #808080;\"><strong><span style=\"font-size: medium;\">S\u00e1bado 9 de\u00a0 marzo<\/span><\/strong><\/span><br \/><strong><span style=\"color: #ff0000;\"><span style=\"font-size: medium;\">Entrega de las obras para la Exposici\u00f3n:<\/span><\/span><\/strong><span style=\"font-size: medium;\"><span style=\"color: #808080;\"> <strong>Se concretar\u00e1 pr\u00f3ximamente<\/strong><br \/><\/span><\/span><\/p>\n<p><span style=\"color: #ff0000;\"><strong><em><span style=\"font-size: medium;\">Importante:<\/span><\/em><\/strong><\/span><em><span style=\"font-size: medium;\"><span style=\"color: #808080;\"> Es imprescindible haber hecho la inscripci\u00f3n antes del 15 de febrero.<\/span><\/span><\/em><\/p>\n<p><span style=\"font-size: x-large;\"><span style=\"color: #ff0000;\"><span style=\"font-family: Arial, sans-serif;\"><b>Bases<\/b><\/span><\/span><\/span><b> <\/b><\/p>\n<p><span style=\"color: #ff0000;\"><span style=\"font-size: medium;\"><span style=\"font-family: Arial, sans-serif;\"><span style=\"text-decoration: none;\"><span style=\"font-weight: normal;\">o<\/span><\/span><\/span><\/span><\/span><span style=\"color: #808080;\"><span style=\"font-size: medium;\"><span style=\"font-family: Arial, sans-serif;\"><span style=\"text-decoration: none;\"><span style=\"font-weight: normal;\"> El certamen tiene car\u00e1cter anual y estar\u00e1 dedicado al paisaje emblem\u00e1tico de la Sierra de Madrid. <\/span><\/span><\/span> <\/span><\/span><\/p>\n<p><span style=\"color: #808080;\"><span style=\"font-size: medium;\"> <span style=\"color: #ff0000;\"><span style=\"font-family: Arial, sans-serif;\"><span style=\"text-decoration: none;\"><span style=\"font-weight: normal;\">o<\/span><\/span><\/span><\/span><span style=\"font-family: Arial, sans-serif;\"><span style=\"text-decoration: none;\"><span style=\"font-weight: normal;\"> En esta edici\u00f3n, podr\u00e1n participar pintores y aficionados mayores de edad. Cada autor presentar\u00e1 una sola obra (t\u00e9cnica libre) que no se haya presentado a ning\u00fan concurso. <\/span><\/span><\/span><\/span><\/span><\/p>\n<p><span style=\"font-size: medium;\"><span style=\"color: #808080;\"> <span style=\"color: #ff0000;\"><span style=\"font-family: Arial, sans-serif;\"><span style=\"text-decoration: none;\"><span style=\"font-weight: normal;\">o<\/span><\/span><\/span><\/span><\/span><\/span><span style=\"color: #808080;\"><span style=\"font-size: medium;\"><span style=\"font-family: Arial, sans-serif;\"><span style=\"text-decoration: none;\"><span style=\"font-weight: normal;\"> Los cuadros deber\u00e1n tener un m\u00ednimo de 50 cm y un m\u00e1ximo de 100 cm. en cualquiera de sus lados, vendr\u00e1n enmarcados con list\u00f3n de madera. <\/span><\/span><\/span><\/span><\/span><span style=\"font-size: medium;\"><span style=\"color: #808080;\"><span style=\"font-family: Arial, sans-serif;\"><span style=\"text-decoration: none;\"><span style=\"font-weight: normal;\"> <br \/><\/span><\/span><\/span><\/span><\/span><\/p>\n<p><span style=\"color: #808080;\"> <span style=\"color: #ff0000;\"><span style=\"font-size: medium;\"><span style=\"font-family: Arial, sans-serif;\"><span style=\"text-decoration: none;\"><span style=\"font-weight: normal;\">o<\/span><\/span><\/span><\/span><\/span><span style=\"font-size: medium;\"><span style=\"font-family: Arial, sans-serif;\"><span style=\"text-decoration: none;\"><span style=\"font-weight: normal;\">\u00a0<\/span><\/span><\/span><\/span><\/span><span style=\"color: #808080;\"><span style=\"font-size: medium;\"><span style=\"font-family: Arial, sans-serif;\"><span style=\"text-decoration: none;\"><span style=\"font-weight: normal;\">Se aportar\u00e1n los siguientes datos: nombre completo del autor, domicilio, telf., e-mail, t\u00edtulo, t\u00e9cnica y medidas de la obra. <\/span><\/span><\/span><\/span><\/span><\/p>\n<p><span style=\"color: #ff0000;\"><span style=\"font-size: medium;\"><span style=\"font-family: Arial, sans-serif;\"><span style=\"text-decoration: none;\"><span style=\"font-weight: normal;\">o <\/span><\/span><\/span><\/span><\/span><span style=\"color: #808080;\"><span style=\"font-size: medium;\"><span style=\"font-family: Arial, sans-serif;\"><span style=\"text-decoration: none;\"><span style=\"font-weight: normal;\">La inscripci\u00f3n se puede realizar por la web <a href=\"https:\/\/www.ateneoescurialense.org\" target=\"_blank\" rel=\"noopener noreferrer\">www.ateneoescurialense.org<\/a> o por email a <a href=\"mailto:ateneoescurialense@gmail.com\">ateneoescurialense@gmail.com <\/a><\/span><\/span><\/span> <\/span><\/span><\/p>\n<p><span style=\"color: #ff0000;\"><span style=\"font-size: medium;\"><span style=\"font-family: Arial, sans-serif;\"><span style=\"text-decoration: none;\"><span style=\"font-weight: normal;\">o<\/span><\/span><\/span><\/span><\/span><span style=\"color: #808080;\"><span style=\"font-size: medium;\"><span style=\"font-family: Arial, sans-serif;\"><span style=\"text-decoration: none;\"><span style=\"font-weight: normal;\"> La obra premiada con dotaci\u00f3n econ\u00f3mica pasar\u00e1n a ser propiedad de la entidad convocante. <\/span><\/span><\/span> <\/span><\/span><\/p>\n<p><span style=\"color: #ff0000;\"><span style=\"font-size: medium;\"><span style=\"font-family: Arial, sans-serif;\"><span style=\"text-decoration: none;\"><span style=\"font-weight: normal;\">o<\/span><\/span><\/span><\/span><\/span><span style=\"color: #808080;\"><span style=\"font-size: medium;\"><span style=\"font-family: Arial, sans-serif;\"><span style=\"text-decoration: none;\"><span style=\"font-weight: normal;\"> El Jurado estar\u00e1 compuesto por personas cualificadas del mundo del Arte y la Cultura. A criterio del Jurado el Certamen podr\u00e1 ser declarado desierto.<\/span><\/span><\/span><\/span><\/span><\/p>\n<p><span style=\"font-size: large;\"><strong><span style=\"color: #ff0000;\"><span style=\"font-family: Arial;\">Premios<\/span><\/span><\/strong><\/span><\/p>\n<p><span style=\"color: #808080;\"><span style=\"font-size: medium;\"><span style=\"font-family: Arial;\"><strong><em>Ateneo Escurialense<\/em><\/strong><br \/>\u00a0\u00a0<\/span><\/span><\/span><span style=\"color: #808080;\"><span style=\"font-size: medium;\"><span style=\"font-family: Arial;\"><span style=\"color: #ff0000;\"><span style=\"font-family: Arial, sans-serif;\">o<\/span><\/span> Un primer premio: dotado con 900 euros y Diploma<\/span><\/span><\/span><br \/>\u00a0\u00a0 <span style=\"color: #808080;\"><span style=\"font-size: medium;\"><span style=\"font-family: Arial;\"><span style=\"color: #ff0000;\"><span style=\"font-family: Arial, sans-serif;\">o<\/span><\/span> Un segundo premio: dotado con 500 euros y Diploma<\/span><\/span><\/span><br \/>\u00a0\u00a0 <span style=\"color: #808080;\"><span style=\"font-size: medium;\"><span style=\"font-family: Arial;\"><span style=\"color: #ff0000;\"><span style=\"font-family: Arial, sans-serif;\">o <\/span><\/span>3 Menciones Honor\u00edficas: dotadas con Diploma<br \/><\/span><\/span><\/span><\/p>\n<p>\u00a0<span style=\"font-size: large;\"><strong><span style=\"color: #ff0000;\"><span style=\"font-family: Arial;\">Exposici\u00f3n<\/span><\/span><\/strong><\/span><\/p>\n<p><span style=\"color: #808080;\"><span style=\"font-size: medium;\"><span style=\"font-family: Arial;\"><span style=\"color: #ff0000;\"><span style=\"font-family: Arial, sans-serif;\">o\u00a0<\/span><\/span>Con las obras se realizar\u00e1 una exposici\u00f3n, del 1 al 14 de marzo de 2019, en la Casa de Cultura de San Lorenzo de El Escorial).<\/span><\/span><\/span><\/p>\n<p><span style=\"color: #808080;\"><span style=\"font-size: medium;\"><span style=\"font-family: Arial;\"><span style=\"color: #ff0000;\"><span style=\"font-family: Arial, sans-serif;\">o\u00a0<\/span><\/span>El Ateneo velar\u00e1 por la buena conservaci\u00f3n de las obras, y se inhibe de toda responsabilidad por da\u00f1os o deterioros que puedan sufrir, siendo libre el autor de asegurar su obra.<\/span><\/span><\/span><\/p>\n<p><span style=\"color: #ff0000;\"><span style=\"font-size: medium;\"><span style=\"font-family: Arial, sans-serif;\">o<\/span><\/span><\/span><span style=\"color: #808080;\"><span style=\"font-size: medium;\"><span style=\"font-family: Arial;\">\u00a0El lugar y fecha de recepci\u00f3n y retirada de las obras se comunicar\u00e1 a los inscritos oportunamente.<\/span><\/span><\/span><\/p>\n<p><span style=\"font-size: large;\"><strong><span style=\"color: #ff0000;\"><span style=\"font-family: Arial;\">Devoluci\u00f3n<\/span><\/span><\/strong><\/span><\/p>\n<p><span style=\"color: #808080;\"><span style=\"font-size: medium;\"><span style=\"font-family: Arial;\"><span style=\"color: #ff0000;\"><span style=\"font-family: Arial, sans-serif;\"><span style=\"text-decoration: none;\"><span style=\"font-weight: normal;\">o<\/span><\/span><\/span><\/span> Las obras no premiadas se retirar\u00e1n en la direcci\u00f3n de recepci\u00f3n, a partir de la clausura de la exposici\u00f3n, las enviadas por agencia, se devolver\u00e1n a portes debidos.<\/span><\/span><\/span><\/p>\n<p><span style=\"color: #808080;\"><span style=\"font-size: medium;\"><span style=\"font-family: Arial;\"><span style=\"color: #ff0000;\"><span style=\"font-family: Arial, sans-serif;\"><span style=\"text-decoration: none;\"><span style=\"font-weight: normal;\">o<\/span><\/span><\/span><\/span> M\u00e1s informaci\u00f3n y bases en <a href=\"https:\/\/www.ateneoescurialense.org\" target=\"_blank\" rel=\"noopener noreferrer\">www.ateneoescurialense.org<\/a> por correo electr\u00f3nico ateneoescurialense@gmail.com y en el telf.: 609737335<\/span><\/span><\/span><\/p>\n<p><span style=\"color: #808080;\"><span style=\"font-size: medium;\"><span style=\"font-family: Arial, sans-serif;\"> <span style=\"background-color: #ffff99;\"><span style=\"font-size: large;\"><span style=\"text-decoration: none;\"><span style=\"color: #ff0000;\"><em><span style=\"font-weight: normal;\">La participaci\u00f3n en este certamen supone la total aceptaci\u00f3n de las bases del mismo. <\/span><\/em><\/span><\/span><\/span><\/span><\/span> <\/span><\/span><\/p>\n<p><span style=\"color: #000080;\"><em><span style=\"font-size: medium;\">Los interesados pueden realizar la inscripci\u00f3n rellenando el formulario que se encuentra debajo o enviar el documento de Inscripci\u00f3n adjunto al email ateneoescurialense@gmail.com<\/span><\/em><\/span><\/p>\n<p><span style=\"font-size: large;\"><strong><span style=\"color: #ff0000;\">Inscipci\u00f3n<\/span><\/strong><\/span><\/p>\n<\/div>\n<\/div>\n<\/div>\n<\/div>\n<p>[\/et_pb_text][\/et_pb_column][\/et_pb_row][\/et_pb_section]<\/p>\n","protected":false},"excerpt":{"rendered":"<p>V Certamen de Pintura (Bases) Marzo 2019 La Sierra y su entorno El Ateneo Escurialense, con la colaboraci\u00f3n del Ilmo. Ayuntamiento de San Lorenzo de El Escorial, convoca el V Certamen de Pintura \u00abLa Sierra y su entorno\u00bb. Inauguraci\u00f3n:\u00a0\u00a0 Viernes 1 de marzo Proclamaci\u00f3n de ganadores y entrega de Premios: S\u00e1bado 9 de\u00a0 marzoEntrega de [&hellip;]<\/p>\n","protected":false},"author":3,"featured_media":0,"parent":0,"menu_order":0,"comment_status":"closed","ping_status":"closed","template":"","meta":{"_et_pb_use_builder":"on","_et_pb_old_content":"","_et_gb_content_width":"","footnotes":""},"class_list":["post-1148","page","type-page","status-publish","hentry"],"_links":{"self":[{"href":"https:\/\/ateneoescurialense.org\/arte\/wp-json\/wp\/v2\/pages\/1148","targetHints":{"allow":["GET"]}}],"collection":[{"href":"https:\/\/ateneoescurialense.org\/arte\/wp-json\/wp\/v2\/pages"}],"about":[{"href":"https:\/\/ateneoescurialense.org\/arte\/wp-json\/wp\/v2\/types\/page"}],"author":[{"embeddable":true,"href":"https:\/\/ateneoescurialense.org\/arte\/wp-json\/wp\/v2\/users\/3"}],"replies":[{"embeddable":true,"href":"https:\/\/ateneoescurialense.org\/arte\/wp-json\/wp\/v2\/comments?post=1148"}],"version-history":[{"count":5,"href":"https:\/\/ateneoescurialense.org\/arte\/wp-json\/wp\/v2\/pages\/1148\/revisions"}],"predecessor-version":[{"id":2499,"href":"https:\/\/ateneoescurialense.org\/arte\/wp-json\/wp\/v2\/pages\/1148\/revisions\/2499"}],"wp:attachment":[{"href":"https:\/\/ateneoescurialense.org\/arte\/wp-json\/wp\/v2\/media?parent=1148"}],"curies":[{"name":"wp","href":"https:\/\/api.w.org\/{rel}","templated":true}]}}